{"id":994,"date":"2024-01-17T17:32:50","date_gmt":"2024-01-17T16:32:50","guid":{"rendered":"https:\/\/crmr-spina.fr\/crmr-spin\/diseases-covered\/"},"modified":"2024-04-24T15:58:04","modified_gmt":"2024-04-24T13:58:04","slug":"diseases-covered","status":"publish","type":"page","link":"https:\/\/crmr-spina.fr\/en\/crmr-spin\/diseases-covered\/","title":{"rendered":"Diseases covered"},"content":{"rendered":"\n<p>The CRMR SPIN@ cares for patients with rare vertebral anomalies either isolated or associated with spinal cord anomalies (Spina Bifida and other Dysraphisms, SBoD) and vertebral segmentation anomalies (hemivertebrae, vertebral blocks, congenital bars, and sacral anomalies).<\/p>\n\n<h2 class=\"wp-block-heading\">1) Spinal dysraphisms: &#8220;Spina Bifida and other dysraphisms&#8221; (SBoD).<\/h2>\n\n<p>Spinal dysraphisms (including spina bifida) refer to a group of rare neural tube closure defects affecting the vertebral column and spinal cord, occurring during early stages of embryonic development.<\/p>\n\n<p>The classification of spinal dysraphisms distinguishes between open dysraphisms (formerly known as &#8220;spina bifida aperta&#8221;), closed dysraphisms (formerly known as &#8220;spina bifida occulta&#8221;) and borderline or frontier forms. These dysraphisms may have different characteristics, such as the presence of a posterior meningocele, a stalk or tract, fatty tissue (lipoma) or a split spinal cord.<\/p>\n\n<p>(See <a href=\"https:\/\/www.orpha.net\/fr\/disease\/detail\/823?name=Spina%20bifida%20et%20autres%20dysraphismes%20spinaux&amp;mode=name\" target=\"_blank\" rel=\"noreferrer noopener\">the Orphanet page<\/a> on &#8220;Spina bifida and other spinal dysraphisms&#8221;)<\/p>\n\n<details class=\"wp-block-details is-layout-flow wp-block-details-is-layout-flow\"><summary>a. Open dysraphism<\/summary>\n<p>These are linked to a neural tube closure anomaly and are characterised by a cutaneous anomaly with exposure of the neural tissue in an area of the spinal column, with or without a sac of protuberance at the site of the lesion. Signs and symptoms vary depending on: the nature of the protrusion (which may represent only the meninges or also include spinal cord tissue and roots), the location, but may include motor, sensory and\/or sphincter dysfunction, hydrocephalus and\/or skeletal abnormalities (e.g. scoliosis).<\/p>\n\n\n\n<h4 class=\"wp-block-heading\">Open dysraphism associated with a meningocele<\/h4>\n\n\n\n<p>Dysraphism characterised by a lack of skin covering, exposure of nerve structures to the external environment, and the presence of a saccular hernia containing cerebrospinal fluid through a posterior spina bifida (opening of the posterior vertebral arches). It is most often located in the lumbosacral region. A complete or partial Chiari II malformation is present in the cerebral level, which may be associated with ventricular dilatation (ventriculomegaly).<\/p>\n\n\n\n<p>There are two main types of open dysraphism associated with a meningocele:<\/p>\n\n\n\n<ul class=\"wp-block-list\">\n<li>Open dysraphism associated with a myelomeningocele(<a href=\"https:\/\/www.orpha.net\/fr\/disease\/detail\/93969?name=Dysraphisme%20spinal%20ouvert%20aossci%C3%A9%20%C3%A0%20une%20my%C3%A9lom%C3%A9ningoc%C3%A8le&amp;mode=name\" target=\"_blank\" rel=\"noreferrer noopener\">myelomeningocele, or MMC<\/a>)<\/li>\n\n\n\n<li>Myelic limited dorsal malformation (<a href=\"https:\/\/www.orpha.net\/fr\/disease\/detail\/645378?name=Malformation%20my%C3%A9lique%20limit%C3%A9e%20dorsale&amp;mode=name\" target=\"_blank\" rel=\"noreferrer noopener\">MyeLDM<\/a>)<\/li>\n<\/ul>\n\n\n\n<p>Rarely, these types of open dysraphism may be associated with a duplication of the spinal cord, in the case of a <a href=\"https:\/\/www.orpha.net\/fr\/disease\/detail\/645388?name=h%C3%A9mi-my%C3%A9lom%C3%A9ningoc%C3%A8le&amp;mode=name\" target=\"_blank\" rel=\"noreferrer noopener\">hemi-myelomeningocele<\/a> for example.<\/p>\n\n\n\n<h4 class=\"wp-block-heading\">Open dysraphism without meningocele: myeloschisis<\/h4>\n\n\n\n<p>A myeloschisis is a form of dysraphism corresponding to an open neural tube defect characterised by the absence of a sac, dysplastic meninges and a neural placode exposed through a defect in the posterior vertebral arches (spina bifida) which is contiguous with the surrounding skin. The placode is at or below the skin plane and is typically associated with a Chiari II malformation. Myeloschisis is usually isolated (&#8220;<a href=\"https:\/\/www.orpha.net\/fr\/disease\/detail\/645401?name=my%C3%A9loschisis%20vrai&amp;mode=name\" target=\"_blank\" rel=\"noreferrer noopener\">true myeloschisis<\/a>&#8220;) or, more rarely, associated with a split spinal cord (&#8220;<a href=\"https:\/\/www.orpha.net\/fr\/disease\/detail\/645393?name=Hemi-my%C3%A9loschisis&amp;mode=name\" target=\"_blank\" rel=\"noreferrer noopener\">hemi-myeloschisis<\/a>&#8220;).<\/p>\n<\/details>\n\n<details class=\"wp-block-details is-layout-flow wp-block-details-is-layout-flow\"><summary>b. Closed dysraphism<\/summary>\n<p><\/p>\n\n\n\n<p>A group of spinal dysraphisms, formerly known as &#8220;spina bifida occulta&#8221;, which vary greatly in severity. The skin overlying the anomaly remains intact, although the skin itself may be abnormal and present features such as a tuft of hair, a crater or a haemangioma. These skin features are known as \u201cskin stigmata\u201d of spinal dysraphisms.<\/p>\n\n\n\n<h4 class=\"wp-block-heading\">Dysraphism with tract<\/h4>\n\n\n\n<p>Characterised by the presence of a stalk connecting the skin to the underlying spinal cord. The composition of the tract is variable and may contain non-functional neural tissue, fibrous mesenchymal tissue or dermal\/epidermal elements. Depending on the nature of this tract, there are differents forms of dysraphism:<\/p>\n\n\n\n<ul class=\"wp-block-list\">\n<li><a href=\"https:\/\/www.orpha.net\/fr\/disease\/detail\/645196?name=My%C3%A9loschisis%20dorsal%20limit%C3%A9&amp;mode=name\" target=\"_blank\" rel=\"noreferrer noopener\">Limited Dorsal Myeloschisis <\/a>(LDM)<\/li>\n\n\n\n<li><a href=\"https:\/\/www.orpha.net\/fr\/disease\/detail\/645334?name=Moelle%20%C3%A9pini%C3%A8re%20terminale%20persistante%20%28non%20regress%C3%A9e%29&amp;mode=name\" target=\"_blank\" rel=\"noreferrer noopener\">Retained medullary cord<\/a><\/li>\n\n\n\n<li><a href=\"https:\/\/www.orpha.net\/fr\/disease\/detail\/645188?name=Sinus%20dermique%20%C3%A0%20tractus&amp;mode=name\" target=\"_blank\" rel=\"noreferrer noopener\">Dermal sinus<\/a><\/li>\n<\/ul>\n\n\n\n<h4 class=\"wp-block-heading\">Dysraphic spinal cord lipoma<\/h4>\n\n\n\n<p>There are several types of lipoma, some of which are forms of dysraphism. This group of rare spinal cord lipomas is characterised by the presence of an extramedullary lipomatous mass which may be located throughout the spinal cord with or without a dural defect.<\/p>\n\n\n\n<ul class=\"wp-block-list\">\n<li><a href=\"https:\/\/www.orpha.net\/fr\/disease\/detail\/645362?name=Lipome%20m%C3%A9dullaire%20dorsal&amp;mode=name\" target=\"_blank\" rel=\"noreferrer noopener\">Dorsal spinal cord lipoma<\/a><\/li>\n\n\n\n<li><a href=\"https:\/\/www.orpha.net\/fr\/disease\/detail\/645367?name=Lipome%20m%C3%A9dullaire%20du%20c%C3%B4ne&amp;mode=name\" target=\"_blank\" rel=\"noreferrer noopener\">Conus spinal cord lipoma<\/a><\/li>\n<\/ul>\n\n\n\n<h4 class=\"wp-block-heading\">Isolated posterior meningocele<\/h4>\n\n\n\n<p>Rare neural tube closure anomaly A rare neural tube closure defect characterized by the herniation of a cerebrospinal fluid-filled sac, that is lined by dura and arachnoid mater, through a posterior spina bifida and covered by a layer of skin of variable thickness, which may be dysplastic or ulcerated. The spinal cord and nerves are generally not included and function normally, although sometimes a tethered cord may be associated. Toutefois, une moelle \u00e9pini\u00e8re attach\u00e9e peut parfois \u00eatre associ\u00e9e. They are usually located in the lumbar or sacral region.<\/p>\n\n\n\n<h4 class=\"wp-block-heading\">Split cord malformation<\/h4>\n\n\n\n<p>A malformation characterised by localised division of the spinal cord into two \u201chemicords\u201d, sometimes associated with vertebro-costal anomalies. It is most often a closed dysraphism, and a cutaneous stigmata may be observed in the form of focal hypertrichosis\/hairy patch. This malformation may exist in an isolated form or in the presence of other dysraphic anomalies (e.g. filum lipoma). Depending on the nature of the separation between the two \u201chemicords\u201d, different forms can be distinguished:<\/p>\n\n\n\n<ul class=\"wp-block-list\">\n<li><a href=\"https:\/\/www.orpha.net\/fr\/disease\/detail\/1671?name=Moelle%20%C3%A9pini%C3%A8re%20d%C3%A9doubl%C3%A9e%20type%20I&amp;mode=name\" target=\"_blank\" rel=\"noreferrer noopener\">Split cord malformation type I<\/a> (or &#8220;diastematomyelia&#8221;)<\/li>\n\n\n\n<li><a href=\"https:\/\/www.orpha.net\/fr\/disease\/detail\/573253?name=Moelle%20%C3%A9pini%C3%A8re%20d%C3%A9doubl%C3%A9e%20type%20II&amp;mode=name\" target=\"_blank\" rel=\"noreferrer noopener\">Split cord malformation type II<\/a> (or &#8220;diplomyelia&#8221;)<\/li>\n<\/ul>\n\n\n\n<p>In the very rare cases of forms associated with an open dysraphism, we refer to a split cord malformation of the &#8220;<a href=\"https:\/\/www.orpha.net\/fr\/disease\/detail\/633076?name=Malformation%20du%20cordon%20m%C3%A9dullaire%20divis%C3%A9,%20type%20composite&amp;mode=name\" target=\"_blank\" rel=\"noreferrer noopener\">composite<\/a>&#8221; type.<\/p>\n\n\n\n<h4 class=\"wp-block-heading\">Myelocystocele<\/h4>\n\n\n\n<p>A rare, closed neural tube defect characterised by cystic dilatation of the central canal of the spinal cord, which herniates through an anomaly of the posterior vertebral arch (spina bifida) into a dural sac filled with cerebrospinal fluid (meningocele). It may be located in the caudal part of the spinal cord (terminal myelocystocele) or above the cone (non-terminal myelocystocele). The skin is intact or has stigmata.<\/p>\n\n\n\n<h4 class=\"wp-block-heading\">Caudal regression syndrome<\/h4>\n\n\n\n<p>Rare congenital malformation of the lower segments of the vertebral column characterised by a truncated medulla or medullary cone, which may be associated with aplasia (or hypoplasia) of the sacrum and fusion of the iliac bones. Malformations of the gastrointestinal, genitourinary, skeletal and nervous systems are frequently associated.<\/p>\n<\/details>\n\n<details class=\"wp-block-details is-layout-flow wp-block-details-is-layout-flow\"><summary>c. Saccular spinal dysraphism associated with a posterior meningocele<\/summary>\n<p><\/p>\n\n\n\n<p>This group of spinal dysraphisms is characterised by a meningocele containing a stalk connecting the spinal cord to the top of the meningocele. These saccular dysraphisms may be closed (terminal myelocystocele, Limited Dorsal Myeloschisis), open (myelominingocele) or borderline (MyeLDM). This stalk may be attached to the posterior surface and have a fibro-neural structure (in the case of saccular LDM) or may be the spinal cord itself (in the case of MyeLDM or myelomeningocele).<\/p>\n\n\n\n<ul class=\"wp-block-list\">\n<li><a href=\"https:\/\/www.orpha.net\/fr\/disease\/detail\/645337?name=My%C3%A9locystoc%C3%A8le%20terminal&amp;mode=name\" target=\"_blank\" rel=\"noreferrer noopener\">Terminal myelocystocele<\/a><\/li>\n\n\n\n<li><a href=\"https:\/\/www.orpha.net\/fr\/disease\/detail\/645354?name=My%C3%A9loschisis%20dorsal%20limit%C3%A9%20sacculaire&amp;mode=name\" target=\"_blank\" rel=\"noreferrer noopener\">Limited Dorsal Myeloschisis<\/a> (LDM<\/li>\n\n\n\n<li><a href=\"https:\/\/www.orpha.net\/fr\/disease\/detail\/645378?name=Malformation%20my%C3%A9lique%20limit%C3%A9e%20dorsale&amp;mode=name\">Myelic limited dorsal malformation<\/a> (MyeLDM)<\/li>\n\n\n\n<li><a href=\"https:\/\/www.orpha.net\/fr\/disease\/detail\/93969?name=Dysraphisme%20spinal%20ouvert%20aossci%C3%A9%20%C3%A0%20une%20my%C3%A9lom%C3%A9ningoc%C3%A8le&amp;mode=name\" target=\"_blank\" rel=\"noreferrer noopener\">Myelomeningocele<\/a><\/li>\n<\/ul>\n<\/details>\n\n<h2 class=\"wp-block-heading\">2) Vertebral and spinal abnormalities<\/h2>\n\n<details class=\"wp-block-details is-layout-flow wp-block-details-is-layout-flow\"><summary>a. Congenital dislocation of the rachis<\/summary>\n<p>Congenital dislocation of the rachis is a rare anomaly.&#13;\nThis anomaly is characterised by an anterior defect in the formation of the vertebrae, with significant vertebral displacement and angulation of the spinal canal, leading to its narrowing or even interruption. This spinal anomaly is caused by an early embryonic mechanism. Prenatal diagnosis is important for parental counselling regarding the high risk of neurological consequences and postnatal management.<\/p>\n<\/details>\n\n<details class=\"wp-block-details is-layout-flow wp-block-details-is-layout-flow\"><summary>b. Abnormalities of vertebral segmentation, hemivertebrae<\/summary>\n<p>The hemivertebra is a defect in vertebral development that occurs during embryonic development. It is a frequent cause of congenital scoliosis. Most hemivertebrae have growth potential and can lead to scoliosis during growth, the degree of which depends on the type, location and size of the hemivertebra. The resulting asymmetric growth of the spine is responsible for congenital scoliosis.<\/p>\n<\/details>\n\n<details class=\"wp-block-details is-layout-flow wp-block-details-is-layout-flow\"><summary>Spondylocostal dysplasia, Costal segmentation anomalies<\/summary>\n<p>Spondylocostal dysplasia is a rare genetic disorder characterised by defects in the formation of the bones of the spinal column (vertebrae) and abnormalities of the ribs. The ribs may be fused or missing, with varying degrees of severity. These malformations are present from birth. The severity and specific symptoms may vary between affected individuals, even between members of the same family. Some infants may have difficulty breathing because of the reduced size of the thorax. Sometimes, breathing difficulties can be severe and life-threatening. Most often, spondylocostal dysplasia is inherited in an autosomal recessive manner and is caused by a change (mutation) in one of four genes, DLL3, MESP2, LFNG, HES7. Rarely, spondylocostal dysplasia can be inherited in an autosomal dominant fashion. One gene, TBX6, is known to cause dominant spondylocostal dysplasia. Many individuals have no mutations in any of these genes. Treatment of severe forms is difficult and is essentially aimed at achieving the best possible lung function in adulthood.&#13;\n<\/p>\n<\/details>\n\n<details class=\"wp-block-details is-layout-flow wp-block-details-is-layout-flow\"><summary>Sacrum anomalies and caudal pole malformation<\/summary>\n<p>Caudal regression syndrome, or sacral agenesis (or hypoplasia of the sacrum), is a rare congenital anomaly. It is a congenital anomaly in which the foetal development of the lower part of the spine, the caudal pole of the spine, is abnormal. The incidence is approximately one birth per 60,000. Clinical signs vary widely depending on the severity of the malformation, which can range from partial absence of the coccyx regions of the spine to absence of the lower vertebrae or even the pelvis. In some cases, where only a small part of the spine is missing, there may be no clinical signs, particularly neurological ones. In cases where larger areas of the spinal column are absent, there may be paralysis and hypoplasia of the lower limbs, fused joints and skin webbing (pterygium). Digestive and genito-urinary neurological damage may also be associated in severe forms.&#13;\n<\/p>\n<\/details>\n","protected":false},"excerpt":{"rendered":"<p>The CRMR SPIN@ cares for patients with rare vertebral anomalies either isolated or associated with spinal cord anomalies (Spina Bifida and other Dysraphisms, SBoD) and vertebral segmentation anomalies (hemivertebrae, vertebral blocks, congenital bars, and sacral anomalies). 1) Spinal dysraphisms: &#8220;Spina Bifida and other dysraphisms&#8221; (SBoD). Spinal dysraphisms (including spina bifida) refer to a group of [&hellip;]<\/p>\n","protected":false},"author":1,"featured_media":0,"parent":981,"menu_order":40,"comment_status":"closed","ping_status":"closed","template":"","meta":{"footnotes":""},"class_list":["post-994","page","type-page","status-publish","hentry"],"yoast_head":"<!-- This site is optimized with the Yoast SEO plugin v27.2 - https:\/\/yoast.com\/product\/yoast-seo-wordpress\/ -->\n<title>Diseases covered - SPIN@<\/title>\n<meta name=\"robots\" content=\"index, follow, max-snippet:-1, max-image-preview:large, max-video-preview:-1\" \/>\n<link rel=\"canonical\" href=\"https:\/\/crmr-spina.fr\/en\/crmr-spin\/diseases-covered\/\" \/>\n<meta property=\"og:locale\" content=\"en_US\" \/>\n<meta property=\"og:type\" content=\"article\" \/>\n<meta property=\"og:title\" content=\"Diseases covered - SPIN@\" \/>\n<meta property=\"og:description\" content=\"The CRMR SPIN@ cares for patients with rare vertebral anomalies either isolated or associated with spinal cord anomalies (Spina Bifida and other Dysraphisms, SBoD) and vertebral segmentation anomalies (hemivertebrae, vertebral blocks, congenital bars, and sacral anomalies). 1) Spinal dysraphisms: &#8220;Spina Bifida and other dysraphisms&#8221; (SBoD). Spinal dysraphisms (including spina bifida) refer to a group of [&hellip;]\" \/>\n<meta property=\"og:url\" content=\"https:\/\/crmr-spina.fr\/en\/crmr-spin\/diseases-covered\/\" \/>\n<meta property=\"og:site_name\" content=\"SPIN@\" \/>\n<meta property=\"article:modified_time\" content=\"2024-04-24T13:58:04+00:00\" \/>\n<meta name=\"twitter:card\" content=\"summary_large_image\" \/>\n<meta name=\"twitter:label1\" content=\"Est. reading time\" \/>\n\t<meta name=\"twitter:data1\" content=\"7 minutes\" \/>\n<script type=\"application\/ld+json\" class=\"yoast-schema-graph\">{\"@context\":\"https:\/\/schema.org\",\"@graph\":[{\"@type\":\"WebPage\",\"@id\":\"https:\/\/crmr-spina.fr\/en\/crmr-spin\/diseases-covered\/\",\"url\":\"https:\/\/crmr-spina.fr\/en\/crmr-spin\/diseases-covered\/\",\"name\":\"Diseases covered - SPIN@\",\"isPartOf\":{\"@id\":\"https:\/\/crmr-spina.fr\/en\/#website\"},\"datePublished\":\"2024-01-17T16:32:50+00:00\",\"dateModified\":\"2024-04-24T13:58:04+00:00\",\"breadcrumb\":{\"@id\":\"https:\/\/crmr-spina.fr\/en\/crmr-spin\/diseases-covered\/#breadcrumb\"},\"inLanguage\":\"en-US\",\"potentialAction\":[{\"@type\":\"ReadAction\",\"target\":[\"https:\/\/crmr-spina.fr\/en\/crmr-spin\/diseases-covered\/\"]}]},{\"@type\":\"BreadcrumbList\",\"@id\":\"https:\/\/crmr-spina.fr\/en\/crmr-spin\/diseases-covered\/#breadcrumb\",\"itemListElement\":[{\"@type\":\"ListItem\",\"position\":1,\"name\":\"Accueil\",\"item\":\"https:\/\/crmr-spina.fr\/en\/home\/\"},{\"@type\":\"ListItem\",\"position\":2,\"name\":\"CRMR Spin@\",\"item\":\"https:\/\/crmr-spina.fr\/en\/crmr-spin\/\"},{\"@type\":\"ListItem\",\"position\":3,\"name\":\"Diseases covered\"}]},{\"@type\":\"WebSite\",\"@id\":\"https:\/\/crmr-spina.fr\/en\/#website\",\"url\":\"https:\/\/crmr-spina.fr\/en\/\",\"name\":\"SPIN@\",\"description\":\"\",\"publisher\":{\"@id\":\"https:\/\/crmr-spina.fr\/en\/#organization\"},\"potentialAction\":[{\"@type\":\"SearchAction\",\"target\":{\"@type\":\"EntryPoint\",\"urlTemplate\":\"https:\/\/crmr-spina.fr\/en\/?s={search_term_string}\"},\"query-input\":{\"@type\":\"PropertyValueSpecification\",\"valueRequired\":true,\"valueName\":\"search_term_string\"}}],\"inLanguage\":\"en-US\"},{\"@type\":\"Organization\",\"@id\":\"https:\/\/crmr-spina.fr\/en\/#organization\",\"name\":\"SPIN@\",\"url\":\"https:\/\/crmr-spina.fr\/en\/\",\"logo\":{\"@type\":\"ImageObject\",\"inLanguage\":\"en-US\",\"@id\":\"https:\/\/crmr-spina.fr\/en\/#\/schema\/logo\/image\/\",\"url\":\"https:\/\/crmr-spina.fr\/wp-content\/uploads\/2024\/01\/logo_Spin@_300.jpg\",\"contentUrl\":\"https:\/\/crmr-spina.fr\/wp-content\/uploads\/2024\/01\/logo_Spin@_300.jpg\",\"width\":300,\"height\":149,\"caption\":\"SPIN@\"},\"image\":{\"@id\":\"https:\/\/crmr-spina.fr\/en\/#\/schema\/logo\/image\/\"}}]}<\/script>\n<!-- \/ Yoast SEO plugin. -->","yoast_head_json":{"title":"Diseases covered - SPIN@","robots":{"index":"index","follow":"follow","max-snippet":"max-snippet:-1","max-image-preview":"max-image-preview:large","max-video-preview":"max-video-preview:-1"},"canonical":"https:\/\/crmr-spina.fr\/en\/crmr-spin\/diseases-covered\/","og_locale":"en_US","og_type":"article","og_title":"Diseases covered - SPIN@","og_description":"The CRMR SPIN@ cares for patients with rare vertebral anomalies either isolated or associated with spinal cord anomalies (Spina Bifida and other Dysraphisms, SBoD) and vertebral segmentation anomalies (hemivertebrae, vertebral blocks, congenital bars, and sacral anomalies). 1) Spinal dysraphisms: &#8220;Spina Bifida and other dysraphisms&#8221; (SBoD). Spinal dysraphisms (including spina bifida) refer to a group of [&hellip;]","og_url":"https:\/\/crmr-spina.fr\/en\/crmr-spin\/diseases-covered\/","og_site_name":"SPIN@","article_modified_time":"2024-04-24T13:58:04+00:00","twitter_card":"summary_large_image","twitter_misc":{"Est. reading time":"7 minutes"},"schema":{"@context":"https:\/\/schema.org","@graph":[{"@type":"WebPage","@id":"https:\/\/crmr-spina.fr\/en\/crmr-spin\/diseases-covered\/","url":"https:\/\/crmr-spina.fr\/en\/crmr-spin\/diseases-covered\/","name":"Diseases covered - SPIN@","isPartOf":{"@id":"https:\/\/crmr-spina.fr\/en\/#website"},"datePublished":"2024-01-17T16:32:50+00:00","dateModified":"2024-04-24T13:58:04+00:00","breadcrumb":{"@id":"https:\/\/crmr-spina.fr\/en\/crmr-spin\/diseases-covered\/#breadcrumb"},"inLanguage":"en-US","potentialAction":[{"@type":"ReadAction","target":["https:\/\/crmr-spina.fr\/en\/crmr-spin\/diseases-covered\/"]}]},{"@type":"BreadcrumbList","@id":"https:\/\/crmr-spina.fr\/en\/crmr-spin\/diseases-covered\/#breadcrumb","itemListElement":[{"@type":"ListItem","position":1,"name":"Accueil","item":"https:\/\/crmr-spina.fr\/en\/home\/"},{"@type":"ListItem","position":2,"name":"CRMR Spin@","item":"https:\/\/crmr-spina.fr\/en\/crmr-spin\/"},{"@type":"ListItem","position":3,"name":"Diseases covered"}]},{"@type":"WebSite","@id":"https:\/\/crmr-spina.fr\/en\/#website","url":"https:\/\/crmr-spina.fr\/en\/","name":"SPIN@","description":"","publisher":{"@id":"https:\/\/crmr-spina.fr\/en\/#organization"},"potentialAction":[{"@type":"SearchAction","target":{"@type":"EntryPoint","urlTemplate":"https:\/\/crmr-spina.fr\/en\/?s={search_term_string}"},"query-input":{"@type":"PropertyValueSpecification","valueRequired":true,"valueName":"search_term_string"}}],"inLanguage":"en-US"},{"@type":"Organization","@id":"https:\/\/crmr-spina.fr\/en\/#organization","name":"SPIN@","url":"https:\/\/crmr-spina.fr\/en\/","logo":{"@type":"ImageObject","inLanguage":"en-US","@id":"https:\/\/crmr-spina.fr\/en\/#\/schema\/logo\/image\/","url":"https:\/\/crmr-spina.fr\/wp-content\/uploads\/2024\/01\/logo_Spin@_300.jpg","contentUrl":"https:\/\/crmr-spina.fr\/wp-content\/uploads\/2024\/01\/logo_Spin@_300.jpg","width":300,"height":149,"caption":"SPIN@"},"image":{"@id":"https:\/\/crmr-spina.fr\/en\/#\/schema\/logo\/image\/"}}]}},"_links":{"self":[{"href":"https:\/\/crmr-spina.fr\/en\/wp-json\/wp\/v2\/pages\/994","targetHints":{"allow":["GET"]}}],"collection":[{"href":"https:\/\/crmr-spina.fr\/en\/wp-json\/wp\/v2\/pages"}],"about":[{"href":"https:\/\/crmr-spina.fr\/en\/wp-json\/wp\/v2\/types\/page"}],"author":[{"embeddable":true,"href":"https:\/\/crmr-spina.fr\/en\/wp-json\/wp\/v2\/users\/1"}],"replies":[{"embeddable":true,"href":"https:\/\/crmr-spina.fr\/en\/wp-json\/wp\/v2\/comments?post=994"}],"version-history":[{"count":2,"href":"https:\/\/crmr-spina.fr\/en\/wp-json\/wp\/v2\/pages\/994\/revisions"}],"predecessor-version":[{"id":1180,"href":"https:\/\/crmr-spina.fr\/en\/wp-json\/wp\/v2\/pages\/994\/revisions\/1180"}],"up":[{"embeddable":true,"href":"https:\/\/crmr-spina.fr\/en\/wp-json\/wp\/v2\/pages\/981"}],"wp:attachment":[{"href":"https:\/\/crmr-spina.fr\/en\/wp-json\/wp\/v2\/media?parent=994"}],"curies":[{"name":"wp","href":"https:\/\/api.w.org\/{rel}","templated":true}]}}