{"id":986,"date":"2024-01-17T17:32:49","date_gmt":"2024-01-17T16:32:49","guid":{"rendered":"https:\/\/crmr-spina.fr\/crmr-spin\/who-are-we-the-mission-of-the-crmr-spin\/"},"modified":"2024-04-23T11:55:57","modified_gmt":"2024-04-23T09:55:57","slug":"who-are-we-the-mission-of-the-crmr-spin","status":"publish","type":"page","link":"https:\/\/crmr-spina.fr\/en\/crmr-spin\/who-are-we-the-mission-of-the-crmr-spin\/","title":{"rendered":"Who are we? The mission of the CRMR Spin@"},"content":{"rendered":"\n<p>The reference centre on rare diseases (<strong>Spin@<\/strong>) is a national structure dedicated to the care of patients with vertebral anomalies, spinal dysraphisms (\u201cSpina Bifida\u201d) and other rare vertebral and spinal cord malformations.<\/p>\n\n<p><strong>Spin@<\/strong> was accredited as a CRMR in 2023 by the French Ministry of Health and Solidarity as part of the national &#8220;Rare Diseases&#8221; plan (decree of 26 December 2023, Journal Official no. 2023\/24 of 29 December 2023). It is linked to the <strong>AnDDI-Rares<\/strong> &#8211; Developmental abnormalities and intellectual disability of rare causes (<a href=\"https:\/\/anddi-rares.org\/\" target=\"_blank\" rel=\"noreferrer noopener\">https:\/\/anddi-rares.org<\/a>\/) rare disease health network.<\/p>\n\n<p><strong>Spin@<\/strong>associates clinical teams with complementary skills to ensure consistent care for patients throughout France at all stages of life, from the foetal period, through childhood and adolescence, right up to adulthood.<\/p>\n\n<p><strong>Spin@<\/strong> is based on <a href=\"https:\/\/crmr-spina.fr\/en\/spina-centres\/centres-map\/\">extensive national coverage<\/a> and is involved in organising <strong>prevention<\/strong>, <strong>screening<\/strong> and <strong>care<\/strong> from the prenatal period onwards. In conjunction with the medical colleges and scientific societies of the disciplines involved, our CRMR is involved in primary prevention for some of the diseases it covers. This primary prevention is based both on information campaigns aimed at the general public, on research to guide public health policies, and on information for healthcare professionals, particularly in relation <span class=\"tooltip\" tabindex=\"0\">effets t\u00e9ratog\u00e8nes potentiels de certains m\u00e9dicaments<span class=\"tooltiptext\">Malformative effects (increased risk of fetal malformations), or feto-toxic effects (risk of altering embryonic development and the health of the unborn child).<\/span><\/span>..<\/p>\n\n<p><strong>Spin@<\/strong> is developing standardised procedures for medical and surgical care, with the aim of optimising resources and ensuring the fullest possible social integration of both patients and their families. <strong>The care plan vision is personalised and holistic <\/strong><span class=\"tooltip\" tabindex=\"0\">holistique<span class=\"tooltiptext\">take into account the whole human being, all his or her needs at the same time.<\/span><\/span>, with a focus on cooperation between the city and the hospital, and links with social workers in the areas concerned. This approach facilitates the implementation and optimisation at national level of common care programmes (recommendations and good practice) and therapeutic education programmes, enabling the care provided to be better adapted to the needs of patients and their families. Ambulatory care will be encouraged at every stage of the care process.<\/p>\n\n<p><strong>Spin@<\/strong> is responsible for the qualitative and medico-economic evaluation of the various care plans. The CRMR shares clinical data via the French national rare disease databases (<a href=\"https:\/\/www.bndmr.fr\/\" target=\"_blank\" rel=\"noreferrer noopener\">BAMARA and BNDMR<\/a>). Our CRMR is very involved in the nomenclature of rare diseases, for which it provides expertise, and has updated the Orphanet nomenclature and classification of Spina Bifida and other Dysraphisms (SBoD) (see <a href=\"https:\/\/www.orpha.net\/consor4.01\/www\/cgi-bin\/Disease_Search.php?lng=FR&amp;data_id=5013&amp;Disease_Disease_Search_diseaseGroup=Spina-bifida-et-autres-dysraphismes-spinaux&amp;Disease_Disease_Search_diseaseType=Pat&amp;Maladie(s)\/groupes%20de%20maladies=Spina-bifida-et-autres-dysraphismes-spinaux&amp;title=Spina%20bifida%20et%20autres%20dysraphismes%20spinaux&amp;search=Disease_Search_Simple\" target=\"_blank\" rel=\"noreferrer noopener\">the Orphanet website<\/a>)<\/p>\n\n<p>All those involved in <strong>Spin@<\/strong> are committed to sharing the most accurate, up-to-date and appropriate information with each of their contacts: patients, families, patient associations. This sharing also involves the other care sectors and the medical colleges and scientific societies of the disciplines involved. Education, training, care and research programmes run by the various members of our CRMR are primarily aimed at reducing the societal impact of vertebral and spinal cord malformations and also at achieving the greatest possible degree of anatomical, functional and psycho-social restoration for all patients.<\/p>\n\n<h2 class=\"wp-block-heading\">The mission of the CRMR Spin@<\/h2>\n\n<p>\u00ab <strong> To improve diagnosis and care <\/strong>\u00bb<\/p>\n\n<ul class=\"wp-block-list\">\n<li>To reduce diagnostic error, facilitate diagnosis and coordinate patient care.<\/li>\n\n\n\n<li>Define a therapeutic, psychological and social support strategy.<\/li>\n\n\n\n<li>Providing therapeutic education for patients and their families.<\/li>\n\n\n\n<li>Organise multidisciplinary consultations.<\/li>\n\n\n\n<li>Drawing up and distributing treatment protocols, in conjunction with the French National Authority for Health. <\/li>\n\n\n\n<li>Coordinating research activities.<\/li>\n\n\n\n<li>Developing training and disseminating information on rare diseases for health professionals, patients, and their families, in collaboration with patient associations.<\/li>\n\n\n\n<li>Organising national multidisciplinary consultation meetings for doctors.<\/li>\n\n\n\n<li>Organising events in partnership with patient organisations.<\/li>\n\n\n\n<li>Acting as the main point of contact for guardians and patient organisations.<\/li>\n<\/ul>\n","protected":false},"excerpt":{"rendered":"<p>The reference centre on rare diseases (Spin@) is a national structure dedicated to the care of patients with vertebral anomalies, spinal dysraphisms (\u201cSpina Bifida\u201d) and other rare vertebral and spinal cord malformations. Spin@ was accredited as a CRMR in 2023 by the French Ministry of Health and Solidarity as part of the national &#8220;Rare Diseases&#8221; [&hellip;]<\/p>\n","protected":false},"author":1,"featured_media":0,"parent":981,"menu_order":20,"comment_status":"closed","ping_status":"closed","template":"","meta":{"footnotes":""},"class_list":["post-986","page","type-page","status-publish","hentry"],"yoast_head":"<!-- This site is optimized with the Yoast SEO plugin v27.2 - https:\/\/yoast.com\/product\/yoast-seo-wordpress\/ -->\n<title>Who are we? The mission of the CRMR Spin@ - SPIN@<\/title>\n<meta name=\"robots\" content=\"index, follow, max-snippet:-1, max-image-preview:large, max-video-preview:-1\" \/>\n<link rel=\"canonical\" href=\"https:\/\/crmr-spina.fr\/en\/crmr-spin\/who-are-we-the-mission-of-the-crmr-spin\/\" \/>\n<meta property=\"og:locale\" content=\"en_US\" \/>\n<meta property=\"og:type\" content=\"article\" \/>\n<meta property=\"og:title\" content=\"Who are we? The mission of the CRMR Spin@ - SPIN@\" \/>\n<meta property=\"og:description\" content=\"The reference centre on rare diseases (Spin@) is a national structure dedicated to the care of patients with vertebral anomalies, spinal dysraphisms (\u201cSpina Bifida\u201d) and other rare vertebral and spinal cord malformations. Spin@ was accredited as a CRMR in 2023 by the French Ministry of Health and Solidarity as part of the national &#8220;Rare Diseases&#8221; [&hellip;]\" \/>\n<meta property=\"og:url\" content=\"https:\/\/crmr-spina.fr\/en\/crmr-spin\/who-are-we-the-mission-of-the-crmr-spin\/\" \/>\n<meta property=\"og:site_name\" content=\"SPIN@\" \/>\n<meta property=\"article:modified_time\" content=\"2024-04-23T09:55:57+00:00\" \/>\n<meta name=\"twitter:card\" content=\"summary_large_image\" \/>\n<meta name=\"twitter:label1\" content=\"Est. reading time\" \/>\n\t<meta name=\"twitter:data1\" content=\"3 minutes\" \/>\n<script type=\"application\/ld+json\" class=\"yoast-schema-graph\">{\"@context\":\"https:\/\/schema.org\",\"@graph\":[{\"@type\":\"WebPage\",\"@id\":\"https:\/\/crmr-spina.fr\/en\/crmr-spin\/who-are-we-the-mission-of-the-crmr-spin\/\",\"url\":\"https:\/\/crmr-spina.fr\/en\/crmr-spin\/who-are-we-the-mission-of-the-crmr-spin\/\",\"name\":\"Who are we? The mission of the CRMR Spin@ - SPIN@\",\"isPartOf\":{\"@id\":\"https:\/\/crmr-spina.fr\/en\/#website\"},\"datePublished\":\"2024-01-17T16:32:49+00:00\",\"dateModified\":\"2024-04-23T09:55:57+00:00\",\"breadcrumb\":{\"@id\":\"https:\/\/crmr-spina.fr\/en\/crmr-spin\/who-are-we-the-mission-of-the-crmr-spin\/#breadcrumb\"},\"inLanguage\":\"en-US\",\"potentialAction\":[{\"@type\":\"ReadAction\",\"target\":[\"https:\/\/crmr-spina.fr\/en\/crmr-spin\/who-are-we-the-mission-of-the-crmr-spin\/\"]}]},{\"@type\":\"BreadcrumbList\",\"@id\":\"https:\/\/crmr-spina.fr\/en\/crmr-spin\/who-are-we-the-mission-of-the-crmr-spin\/#breadcrumb\",\"itemListElement\":[{\"@type\":\"ListItem\",\"position\":1,\"name\":\"Accueil\",\"item\":\"https:\/\/crmr-spina.fr\/en\/home\/\"},{\"@type\":\"ListItem\",\"position\":2,\"name\":\"CRMR Spin@\",\"item\":\"https:\/\/crmr-spina.fr\/en\/crmr-spin\/\"},{\"@type\":\"ListItem\",\"position\":3,\"name\":\"Who are we? The mission of the CRMR Spin@\"}]},{\"@type\":\"WebSite\",\"@id\":\"https:\/\/crmr-spina.fr\/en\/#website\",\"url\":\"https:\/\/crmr-spina.fr\/en\/\",\"name\":\"SPIN@\",\"description\":\"\",\"publisher\":{\"@id\":\"https:\/\/crmr-spina.fr\/en\/#organization\"},\"potentialAction\":[{\"@type\":\"SearchAction\",\"target\":{\"@type\":\"EntryPoint\",\"urlTemplate\":\"https:\/\/crmr-spina.fr\/en\/?s={search_term_string}\"},\"query-input\":{\"@type\":\"PropertyValueSpecification\",\"valueRequired\":true,\"valueName\":\"search_term_string\"}}],\"inLanguage\":\"en-US\"},{\"@type\":\"Organization\",\"@id\":\"https:\/\/crmr-spina.fr\/en\/#organization\",\"name\":\"SPIN@\",\"url\":\"https:\/\/crmr-spina.fr\/en\/\",\"logo\":{\"@type\":\"ImageObject\",\"inLanguage\":\"en-US\",\"@id\":\"https:\/\/crmr-spina.fr\/en\/#\/schema\/logo\/image\/\",\"url\":\"https:\/\/crmr-spina.fr\/wp-content\/uploads\/2024\/01\/logo_Spin@_300.jpg\",\"contentUrl\":\"https:\/\/crmr-spina.fr\/wp-content\/uploads\/2024\/01\/logo_Spin@_300.jpg\",\"width\":300,\"height\":149,\"caption\":\"SPIN@\"},\"image\":{\"@id\":\"https:\/\/crmr-spina.fr\/en\/#\/schema\/logo\/image\/\"}}]}<\/script>\n<!-- \/ Yoast SEO plugin. -->","yoast_head_json":{"title":"Who are we? The mission of the CRMR Spin@ - SPIN@","robots":{"index":"index","follow":"follow","max-snippet":"max-snippet:-1","max-image-preview":"max-image-preview:large","max-video-preview":"max-video-preview:-1"},"canonical":"https:\/\/crmr-spina.fr\/en\/crmr-spin\/who-are-we-the-mission-of-the-crmr-spin\/","og_locale":"en_US","og_type":"article","og_title":"Who are we? The mission of the CRMR Spin@ - SPIN@","og_description":"The reference centre on rare diseases (Spin@) is a national structure dedicated to the care of patients with vertebral anomalies, spinal dysraphisms (\u201cSpina Bifida\u201d) and other rare vertebral and spinal cord malformations. Spin@ was accredited as a CRMR in 2023 by the French Ministry of Health and Solidarity as part of the national &#8220;Rare Diseases&#8221; [&hellip;]","og_url":"https:\/\/crmr-spina.fr\/en\/crmr-spin\/who-are-we-the-mission-of-the-crmr-spin\/","og_site_name":"SPIN@","article_modified_time":"2024-04-23T09:55:57+00:00","twitter_card":"summary_large_image","twitter_misc":{"Est. reading time":"3 minutes"},"schema":{"@context":"https:\/\/schema.org","@graph":[{"@type":"WebPage","@id":"https:\/\/crmr-spina.fr\/en\/crmr-spin\/who-are-we-the-mission-of-the-crmr-spin\/","url":"https:\/\/crmr-spina.fr\/en\/crmr-spin\/who-are-we-the-mission-of-the-crmr-spin\/","name":"Who are we? The mission of the CRMR Spin@ - SPIN@","isPartOf":{"@id":"https:\/\/crmr-spina.fr\/en\/#website"},"datePublished":"2024-01-17T16:32:49+00:00","dateModified":"2024-04-23T09:55:57+00:00","breadcrumb":{"@id":"https:\/\/crmr-spina.fr\/en\/crmr-spin\/who-are-we-the-mission-of-the-crmr-spin\/#breadcrumb"},"inLanguage":"en-US","potentialAction":[{"@type":"ReadAction","target":["https:\/\/crmr-spina.fr\/en\/crmr-spin\/who-are-we-the-mission-of-the-crmr-spin\/"]}]},{"@type":"BreadcrumbList","@id":"https:\/\/crmr-spina.fr\/en\/crmr-spin\/who-are-we-the-mission-of-the-crmr-spin\/#breadcrumb","itemListElement":[{"@type":"ListItem","position":1,"name":"Accueil","item":"https:\/\/crmr-spina.fr\/en\/home\/"},{"@type":"ListItem","position":2,"name":"CRMR Spin@","item":"https:\/\/crmr-spina.fr\/en\/crmr-spin\/"},{"@type":"ListItem","position":3,"name":"Who are we? The mission of the CRMR Spin@"}]},{"@type":"WebSite","@id":"https:\/\/crmr-spina.fr\/en\/#website","url":"https:\/\/crmr-spina.fr\/en\/","name":"SPIN@","description":"","publisher":{"@id":"https:\/\/crmr-spina.fr\/en\/#organization"},"potentialAction":[{"@type":"SearchAction","target":{"@type":"EntryPoint","urlTemplate":"https:\/\/crmr-spina.fr\/en\/?s={search_term_string}"},"query-input":{"@type":"PropertyValueSpecification","valueRequired":true,"valueName":"search_term_string"}}],"inLanguage":"en-US"},{"@type":"Organization","@id":"https:\/\/crmr-spina.fr\/en\/#organization","name":"SPIN@","url":"https:\/\/crmr-spina.fr\/en\/","logo":{"@type":"ImageObject","inLanguage":"en-US","@id":"https:\/\/crmr-spina.fr\/en\/#\/schema\/logo\/image\/","url":"https:\/\/crmr-spina.fr\/wp-content\/uploads\/2024\/01\/logo_Spin@_300.jpg","contentUrl":"https:\/\/crmr-spina.fr\/wp-content\/uploads\/2024\/01\/logo_Spin@_300.jpg","width":300,"height":149,"caption":"SPIN@"},"image":{"@id":"https:\/\/crmr-spina.fr\/en\/#\/schema\/logo\/image\/"}}]}},"_links":{"self":[{"href":"https:\/\/crmr-spina.fr\/en\/wp-json\/wp\/v2\/pages\/986","targetHints":{"allow":["GET"]}}],"collection":[{"href":"https:\/\/crmr-spina.fr\/en\/wp-json\/wp\/v2\/pages"}],"about":[{"href":"https:\/\/crmr-spina.fr\/en\/wp-json\/wp\/v2\/types\/page"}],"author":[{"embeddable":true,"href":"https:\/\/crmr-spina.fr\/en\/wp-json\/wp\/v2\/users\/1"}],"replies":[{"embeddable":true,"href":"https:\/\/crmr-spina.fr\/en\/wp-json\/wp\/v2\/comments?post=986"}],"version-history":[{"count":3,"href":"https:\/\/crmr-spina.fr\/en\/wp-json\/wp\/v2\/pages\/986\/revisions"}],"predecessor-version":[{"id":1178,"href":"https:\/\/crmr-spina.fr\/en\/wp-json\/wp\/v2\/pages\/986\/revisions\/1178"}],"up":[{"embeddable":true,"href":"https:\/\/crmr-spina.fr\/en\/wp-json\/wp\/v2\/pages\/981"}],"wp:attachment":[{"href":"https:\/\/crmr-spina.fr\/en\/wp-json\/wp\/v2\/media?parent=986"}],"curies":[{"name":"wp","href":"https:\/\/api.w.org\/{rel}","templated":true}]}}