{"id":1037,"date":"2024-01-17T17:32:54","date_gmt":"2024-01-17T16:32:54","guid":{"rendered":"https:\/\/crmr-spina.fr\/spina-centres\/competence-centres-ccmr\/"},"modified":"2024-04-17T18:02:47","modified_gmt":"2024-04-17T16:02:47","slug":"competence-centres-ccmr","status":"publish","type":"page","link":"https:\/\/crmr-spina.fr\/en\/spina-centres\/competence-centres-ccmr\/","title":{"rendered":"Competence Centres (CCMR)"},"content":{"rendered":"\n<p>The competence centres are the regional referents of the coordinating centre for the diseases covered, creating a national network. They provide care and follow-up for patients, close to their homes, and perform all the missions of the reference centres. Patients are treated in the same way throughout France.<\/p>\n\n<p>In 2023, 10 Spin@ competence centres have been accredited by the French Ministry of Health and Solidarity: <strong>Paris (Rothschild Hospital)<\/strong>, <strong>Angers<\/strong>, <strong>Nantes<\/strong>, <strong>Paris (Tenon Hospital)<\/strong>, <strong>Saint-Maurice<\/strong>, <strong>Nice<\/strong>, <strong>Rouen<\/strong>, <strong>Strasbourg<\/strong>, <strong>Lyon<\/strong> and <strong>Paris (Piti\u00e9-Salp\u00eatri\u00e8re Hospital)<\/strong>.<\/p>\n\n<details class=\"wp-block-details is-layout-flow wp-block-details-is-layout-flow\"><summary>Paris: Rothschild Hospital Neurological Rehabilitation Department<\/summary>\n<div class=\"wp-block-group is-vertical is-layout-flex wp-container-core-group-is-layout-0c5304c3 wp-block-group-is-layout-flex\" style=\"padding-right:0;padding-left:var(--wp--preset--spacing--20)\">\n<p>AP-HP.Sorbonne Universit\u00e9 &#8211; H\u00f4pital Rothschild<br\/>5 rue Santerre 75012 Paris<\/p>\n\n\n\n<ul class=\"wp-block-list\">\n<li><strong>Medical Director<\/strong>:\u00a0Pr Gilberte ROBAIN<\/li>\n\n\n\n<li><strong>Medical referent<\/strong>: Dr Rebecca HADDAD<\/li>\n\n\n\n<li><strong>Specialities<\/strong>: Physical and Rehabilitation Medicine<\/li>\n\n\n\n<li><strong>Pathologies<\/strong>: Dysraphism<\/li>\n\n\n\n<li><strong>Patient<\/strong>: Adult<\/li>\n\n\n\n<li><strong>Telephone<\/strong>:\u00a0<a href=\"tel:+330140193851\">01 40 19 38 51<\/a><\/li>\n\n\n\n<li><strong>Mail<\/strong>:\u00a0 <a href=\"mailto:christine.avenet@aphp.fr\" target=\"_blank\" rel=\"noreferrer noopener\">christine.avenet@aphp.fr<\/a><\/li>\n\n\n\n<li><strong>Website<\/strong>: <a href=\"https:\/\/www.aphp.fr\/service\/service-29-072\" target=\"_blank\" rel=\"noreferrer noopener\">https:\/\/www.aphp.fr\/service\/service-29-072 <\/a><\/li>\n<\/ul>\n<\/div>\n<\/details>\n\n<details class=\"wp-block-details is-layout-flow wp-block-details-is-layout-flow\"><summary>Paris: Tenon Hospital Urology Department<\/summary>\n<div class=\"wp-block-group is-vertical is-layout-flex wp-container-core-group-is-layout-0c5304c3 wp-block-group-is-layout-flex\" style=\"padding-right:0;padding-left:var(--wp--preset--spacing--20)\">\n<p>AP-HP.Sorbonne Universit\u00e9 &#8211; H\u00f4pital Tenon<br\/>4, rue de la Chine, 75970 Paris Cedex 20<\/p>\n\n\n\n<ul class=\"wp-block-list\">\n<li><strong>Medical Director<\/strong>:\u00a0\u00a0Pr V\u00e9ronique PHE<\/li>\n\n\n\n<li>Speciality: Urological surgery<\/li>\n\n\n\n<li><strong>Pathologies<\/strong>: Dysraphism<\/li>\n\n\n\n<li><strong>Patient<\/strong>: Adult<\/li>\n\n\n\n<li><strong>Telephone<\/strong>:\u00a0<a href=\"tel:+330156016500\">01 56 01 65 00<\/a> \/ <a href=\"tel:+330156016195\">01 56 01 61 95<\/a><\/li>\n\n\n\n<li><strong>Website<\/strong>: <a href=\"https:\/\/www.aphp.fr\/service\/service-13-087\" target=\"_blank\" rel=\"noreferrer noopener\">https:\/\/www.aphp.fr\/service\/service-29-072 <\/a><\/li>\n<\/ul>\n<\/div>\n<\/details>\n\n<details class=\"wp-block-details is-layout-flow wp-block-details-is-layout-flow\"><summary>Saint-Maurice: Locomotor System and Rachis Rehabilitation Department<\/summary>\n<div class=\"wp-block-group is-vertical is-layout-flex wp-container-core-group-is-layout-0c5304c3 wp-block-group-is-layout-flex\" style=\"padding-right:0;padding-left:var(--wp--preset--spacing--20)\">\n<p>H\u00f4pitaux Paris Est Val-de-Marne<br\/>14 rue Val d&#8217;Osne 94410 Saint-Maurice<\/p>\n\n\n\n<ul class=\"wp-block-list\">\n<li><strong>Medical Director<\/strong>:\u00a0\u00a0\u00a0Dr Nathaly QUINTERO-PRIGENT<\/li>\n\n\n\n<li><strong>Specialities<\/strong>: Physical and Rehabilitation Medicine<\/li>\n\n\n\n<li><strong>Pathologies<\/strong>: Dysraphism and vertebral anomalies<\/li>\n\n\n\n<li><strong>Patient<\/strong>: Child<\/li>\n\n\n\n<li><strong>Telephone<\/strong>:\u00a0<a href=\"tel:+330156016500\">01 43 96 63 50<\/a><\/li>\n\n\n\n<li><strong>Website<\/strong>: <a href=\"https:\/\/www.hopitaux-saint-maurice.fr\/Reeducation-orthopedique-enfant\/5\/138\/2\" target=\"_blank\" rel=\"noreferrer noopener\">https:\/\/www.hopitaux-saint-maurice.fr\/Reeducation-orthopedique-enfant\/5\/138\/2<\/a><\/li>\n<\/ul>\n<\/div>\n<\/details>\n\n<details class=\"wp-block-details is-layout-flow wp-block-details-is-layout-flow\"><summary>Paris: Piti\u00e9-Salp\u00eatri\u00e8re Hospital Orthopaedic Surgery and Rachis Department<\/summary>\n<div class=\"wp-block-group is-vertical is-layout-flex wp-container-core-group-is-layout-0c5304c3 wp-block-group-is-layout-flex\" style=\"padding-right:0;padding-left:var(--wp--preset--spacing--20)\">\n<p>AP-HP.Sorbonne Universit\u00e9 &#8211; H\u00f4pital de la Piti\u00e9-Salp\u00eatri\u00e8re<br\/>47-83, boulevard de l&#8217;H\u00f4pital 75651 Paris cedex 13<\/p>\n\n\n\n<ul class=\"wp-block-list\">\n<li><strong>Medical Director<\/strong>:\u00a0\u00a0\u00a0Pr Hugues PASCAL MOUSSELLARD<\/li>\n\n\n\n<li><strong>Referent adult doctor<\/strong>: \u00a0Dr Marie-Hardy<\/li>\n\n\n\n<li><strong>Speciality<\/strong>: Orthopaedic surgery &#8211; rachis<\/li>\n\n\n\n<li><strong>Pathologies<\/strong>: Scoliosis, kyphosis, follow-up of operated lower limb deformity<\/li>\n\n\n\n<li><strong>Patient<\/strong>: Adult<\/li>\n\n\n\n<li><strong>Telephone<\/strong>:\u00a0<a href=\"tel:+330142177051\">01 42 17 70 51<\/a><\/li>\n\n\n\n<li><strong>Mail<\/strong>: <a href=\"mailto:laura.marie-hardy@aphp.fr\" target=\"_blank\" rel=\"noreferrer noopener\">laura.marie-hardy@aphp.fr<\/a><\/li>\n\n\n\n<li><strong>Website<\/strong>: <a href=\"https:\/\/www.aphp.fr\/service\/service-32-066\" target=\"_blank\" rel=\"noreferrer noopener\">https:\/\/www.aphp.fr\/service\/service-32-066<\/a><\/li>\n<\/ul>\n<\/div>\n<\/details>\n\n<details class=\"wp-block-details is-layout-flow wp-block-details-is-layout-flow\"><summary>Nantes: Department of Physical Medicine and Neurological Rehabilitation<\/summary>\n<div class=\"wp-block-group is-vertical is-layout-flex wp-container-core-group-is-layout-0c5304c3 wp-block-group-is-layout-flex\" style=\"padding-right:0;padding-left:var(--wp--preset--spacing--20)\">\n<p>CHU Nantes<br\/>85 rue St jacques. 44093 Nantes cedex<\/p>\n\n\n\n<ul class=\"wp-block-list\">\n<li><strong>Medical Director<\/strong>:\u00a0\u00a0\u00a0\u00a0Dr Marc LE FORT<\/li>\n\n\n\n<li><strong>Speciality<\/strong>: Physical medicine and neurological rehabilitation<\/li>\n\n\n\n<li><strong>Pathologies<\/strong>: Spina Bifida and rare vertebral anomalies<\/li>\n\n\n\n<li><strong>Patient<\/strong>: Adult<\/li>\n\n\n\n<li><strong>Telephone<\/strong>:\u00a0<a href=\"tel:+330240846047\" target=\"_blank\" rel=\"noreferrer noopener\">02 40 84 60 47<\/a><\/li>\n\n\n\n<li><strong>Mail<\/strong>: <a href=\"mailto:marc.lefort@chu-nantes.fr\" target=\"_blank\" rel=\"noreferrer noopener\">marc.lefort@chu-nantes.fr<\/a><\/li>\n\n\n\n<li><strong>Website<\/strong>: <a href=\"https:\/\/www.chu-nantes.fr\/medecine-physique-et-de-readaptation-neurologique\" target=\"_blank\" rel=\"noreferrer noopener\">https:\/\/www.chu-nantes.fr\/medecine-physique-et-de-readaptation-neurologique<\/a><\/li>\n<\/ul>\n<\/div>\n<\/details>\n\n<details class=\"wp-block-details is-layout-flow wp-block-details-is-layout-flow\"><summary>Angers: Paediatric Surgery Department<\/summary>\n<div class=\"wp-block-group is-vertical is-layout-flex wp-container-core-group-is-layout-0c5304c3 wp-block-group-is-layout-flex\" style=\"padding-right:0;padding-left:var(--wp--preset--spacing--20)\">\n<p>CHU Angers&#13;\n4 rue Larrey, 49000 ANGERS<\/p>\n\n\n\n<ul class=\"wp-block-list\">\n<li><strong>Medical Director<\/strong>:\u00a0\u00a0\u00a0\u00a0\u00a0Dr Kim BIN<\/li>\n\n\n\n<li><strong>Specialty<\/strong>: Paediatric Orthopaedic Surgery<\/li>\n\n\n\n<li><strong>Pathologies<\/strong>: Spina Bifida and dysraphism<\/li>\n\n\n\n<li><strong>Patient<\/strong>: Child<\/li>\n\n\n\n<li><strong>Telephone<\/strong>: <a href=\"tel:+330241354291\" target=\"_blank\" rel=\"noreferrer noopener\">02 41 35 42 91<\/a><\/li>\n\n\n\n<li><strong>Mail<\/strong>: <a href=\"mailto:kim.bin@chu-angers.fr\" target=\"_blank\" rel=\"noreferrer noopener\">kim.bin@chu-angers.fr<\/a><\/li>\n\n\n\n<li><strong>Website<\/strong>: <a href=\"https:\/\/www.chu-nantes.fr\/medecine-physique-et-de-readaptation-neurologique\" target=\"_blank\" rel=\"noreferrer noopener\">https:\/\/www.chu-nantes.fr\/medecine-physique-et-de-readaptation-neurologique<\/a><\/li>\n<\/ul>\n<\/div>\n<\/details>\n\n<details class=\"wp-block-details is-layout-flow wp-block-details-is-layout-flow\"><summary>Nice: Children&#8217;s Surgery Service<\/summary>\n<div class=\"wp-block-group is-vertical is-layout-flex wp-container-core-group-is-layout-0c5304c3 wp-block-group-is-layout-flex\" style=\"padding-right:0;padding-left:var(--wp--preset--spacing--20)\">\n<p>H\u00f4pital P\u00e9diatrique Universitaire Lenval<br\/>57, Av. Californie, 06200 Nice<\/p>\n\n\n\n<ul class=\"wp-block-list\">\n<li><strong>Medical Directors<\/strong>:\u00a0\u00a0\u00a0\u00a0\u00a0Dr Federico SOLLA, Dr Nathalie CHIVORET<\/li>\n\n\n\n<li><strong>Speciality<\/strong>: Orthopaedic and traumatological surgery<\/li>\n\n\n\n<li>Pathologies: Dysraphism and vertebral malformations<\/li>\n\n\n\n<li><strong>Patient<\/strong>: Child<\/li>\n\n\n\n<li><strong>Telephone<\/strong>: <a href=\"tel:+330492030491\" target=\"_blank\" rel=\"noreferrer noopener\">04 92 03 04 91<\/a><\/li>\n\n\n\n<li><strong>Mail<\/strong>: \u00a0<a href=\"mailto:federico.solla@hpu.lenval.com\" target=\"_blank\" rel=\"noreferrer noopener\">federico.solla@hpu.lenval.com<\/a><\/li>\n\n\n\n<li><strong>Website<\/strong>: <a href=\"https:\/\/lenval.org\/service-chirurgie-orthopedique-lenval\/\" target=\"_blank\" rel=\"noreferrer noopener\">https:\/\/lenval.org\/service-chirurgie-orthopedique-lenval\/<\/a><\/li>\n<\/ul>\n<\/div>\n<\/details>\n\n<details class=\"wp-block-details is-layout-flow wp-block-details-is-layout-flow\"><summary>Rouen: Child and Adolescent Surgery Service<\/summary>\n<div class=\"wp-block-group is-vertical is-layout-flex wp-container-core-group-is-layout-0c5304c3 wp-block-group-is-layout-flex\" style=\"padding-right:0;padding-left:var(--wp--preset--spacing--20)\">\n<p>CHU de Rouen- H\u00f4pital Charles-Nicolle<br\/>37 boulevard Gambetta \u2013 76038 Rouen Cedex<\/p>\n\n\n\n<ul class=\"wp-block-list\">\n<li><strong>Medical Director<\/strong>:\u00a0Pr Agn\u00e8s LIARD ZMUDA<\/li>\n\n\n\n<li><strong>Referent adulte doctor:<\/strong> Pr Jean Nicolas CORNU<\/li>\n\n\n\n<li><strong>Speciality<\/strong>: Child and adolescent surgery<\/li>\n\n\n\n<li><strong>Pathologies<\/strong>: Dysraphism<\/li>\n\n\n\n<li><strong>Patient<\/strong>: Child &#8211; Adult<\/li>\n\n\n\n<li><strong>Telephone<\/strong>: <a href=\"tel:+330232888161\" target=\"_blank\" rel=\"noreferrer noopener\">02 32 88 81 61<\/a><\/li>\n\n\n\n<li><strong>Mail<\/strong>: <a href=\"mailto:agnes.liard@chu-rouen.fr\" target=\"_blank\" rel=\"noreferrer noopener\">agnes.liard@chu-rouen.fr<\/a><\/li>\n\n\n\n<li><strong>Website<\/strong>: <a href=\"https:\/\/www.chu-rouen.fr\/service\/chirurgie-infantile\/\" target=\"_blank\" rel=\"noreferrer noopener\">https:\/\/www.chu-rouen.fr\/service\/chirurgie-infantile\/<\/a><\/li>\n<\/ul>\n<\/div>\n<\/details>\n\n<details class=\"wp-block-details is-layout-flow wp-block-details-is-layout-flow\"><summary>Strasbourg: Rachis surgery service<\/summary>\n<div class=\"wp-block-group is-vertical is-layout-flex wp-container-core-group-is-layout-0c5304c3 wp-block-group-is-layout-flex\" style=\"padding-right:0;padding-left:var(--wp--preset--spacing--20)\">\n<p>CHU Strasbourg<br\/>1 place de l&#8217;h\u00f4pital, BP 426 67091 Strasbourg cedex<\/p>\n\n\n\n<ul class=\"wp-block-list\">\n<li><strong>Medical Director<\/strong>:\u00a0Pr Yann Philippe CHARLES<\/li>\n\n\n\n<li><strong>Referent adult doctor<\/strong>: Dr Sophie BUR<\/li>\n\n\n\n<li><strong>Speciality<\/strong>: Orthopaedic rachis surgery<\/li>\n\n\n\n<li><strong>Pathologies<\/strong>: Congenital rachis malformations with or without dysraphism<\/li>\n\n\n\n<li><strong>Patient<\/strong>: Child &#8211; Adult<\/li>\n\n\n\n<li><strong>Telephone<\/strong>: <a href=\"tel:+330368765268\">03 68 76 52 68<\/a><\/li>\n\n\n\n<li><strong>Mail<\/strong>: <a href=\"mailto:secretariat3602@chru-strasbourg.fr\" target=\"_blank\" rel=\"noreferrer noopener\">secretariat3602@chru-strasbourg.fr<\/a><\/li>\n\n\n\n<li><strong>website<\/strong>: <a href=\"https:\/\/www.chru-strasbourg.fr\/service\/chirurgie-du-rachis\/\" target=\"_blank\" rel=\"noreferrer noopener\">https:\/\/www.chru-strasbourg.fr\/service\/chirurgie-du-rachis\/<\/a><\/li>\n<\/ul>\n<\/div>\n<\/details>\n\n<details class=\"wp-block-details is-layout-flow wp-block-details-is-layout-flow\"><summary>Lyon: Orthopaedic surgery service<\/summary>\n<div class=\"wp-block-group is-vertical is-layout-flex wp-container-core-group-is-layout-0c5304c3 wp-block-group-is-layout-flex\" style=\"padding-right:0;padding-left:var(--wp--preset--spacing--20)\">\n<p>Centre des Massues Croix Rouge Fran\u00e7aise<br\/>92 rue Edmond Locard 69005 LYON<\/p>\n\n\n\n<ul class=\"wp-block-list\">\n<li><strong>Medical Director<\/strong>:\u00a0Dr Kariman ABELIN GENEVOIS<\/li>\n\n\n\n<li><strong>Referent adult doctor (MPR)<\/strong>: Dr Emmanuelle CHALEAT VALAYER<\/li>\n\n\n\n<li><strong>Speciality<\/strong>: Orthopaedic surgery<\/li>\n\n\n\n<li><strong>Pathologies<\/strong>: Congenital rachis malformations with or without dysraphism<\/li>\n\n\n\n<li><strong>Patient<\/strong>: Child &#8211; Adult<\/li>\n\n\n\n<li><strong>Telephone<\/strong>: <a href=\"tel:+330472384864\" target=\"_blank\" rel=\"noreferrer noopener\">04 72 38 48 64<\/a><\/li>\n\n\n\n<li><strong>Mail<\/strong>: <a href=\"mailto:sec-abelin@croix-rouge.fr\" target=\"_blank\" rel=\"noreferrer noopener\">sec-abelin@croix-rouge.fr<\/a><\/li>\n\n\n\n<li><strong>Website<\/strong>: <a href=\"https:\/\/cmcr-massues.Croix-Rouge.fr\" target=\"_blank\" rel=\"noreferrer noopener\">https:\/\/cmcr-massues.Croix-Rouge.fr<\/a><\/li>\n<\/ul>\n<\/div>\n<\/details>\n","protected":false},"excerpt":{"rendered":"<p>The competence centres are the regional referents of the coordinating centre for the diseases covered, creating a national network. They provide care and follow-up for patients, close to their homes, and perform all the missions of the reference centres. Patients are treated in the same way throughout France. In 2023, 10 Spin@ competence centres have [&hellip;]<\/p>\n","protected":false},"author":1,"featured_media":0,"parent":1031,"menu_order":30,"comment_status":"closed","ping_status":"closed","template":"","meta":{"footnotes":""},"class_list":["post-1037","page","type-page","status-publish","hentry"],"yoast_head":"<!-- This site is optimized with the Yoast SEO plugin v27.2 - https:\/\/yoast.com\/product\/yoast-seo-wordpress\/ -->\n<title>Competence Centres (CCMR) - SPIN@<\/title>\n<meta name=\"robots\" content=\"index, follow, max-snippet:-1, max-image-preview:large, max-video-preview:-1\" \/>\n<link rel=\"canonical\" href=\"https:\/\/crmr-spina.fr\/en\/spina-centres\/competence-centres-ccmr\/\" \/>\n<meta property=\"og:locale\" content=\"en_US\" \/>\n<meta property=\"og:type\" content=\"article\" \/>\n<meta property=\"og:title\" content=\"Competence Centres (CCMR) - SPIN@\" \/>\n<meta property=\"og:description\" content=\"The competence centres are the regional referents of the coordinating centre for the diseases covered, creating a national network. They provide care and follow-up for patients, close to their homes, and perform all the missions of the reference centres. Patients are treated in the same way throughout France. In 2023, 10 Spin@ competence centres have [&hellip;]\" \/>\n<meta property=\"og:url\" content=\"https:\/\/crmr-spina.fr\/en\/spina-centres\/competence-centres-ccmr\/\" \/>\n<meta property=\"og:site_name\" content=\"SPIN@\" \/>\n<meta property=\"article:modified_time\" content=\"2024-04-17T16:02:47+00:00\" \/>\n<meta name=\"twitter:card\" content=\"summary_large_image\" \/>\n<meta name=\"twitter:label1\" content=\"Est. reading time\" \/>\n\t<meta name=\"twitter:data1\" content=\"3 minutes\" \/>\n<script type=\"application\/ld+json\" class=\"yoast-schema-graph\">{\"@context\":\"https:\/\/schema.org\",\"@graph\":[{\"@type\":\"WebPage\",\"@id\":\"https:\/\/crmr-spina.fr\/en\/spina-centres\/competence-centres-ccmr\/\",\"url\":\"https:\/\/crmr-spina.fr\/en\/spina-centres\/competence-centres-ccmr\/\",\"name\":\"Competence Centres (CCMR) - SPIN@\",\"isPartOf\":{\"@id\":\"https:\/\/crmr-spina.fr\/en\/#website\"},\"datePublished\":\"2024-01-17T16:32:54+00:00\",\"dateModified\":\"2024-04-17T16:02:47+00:00\",\"breadcrumb\":{\"@id\":\"https:\/\/crmr-spina.fr\/en\/spina-centres\/competence-centres-ccmr\/#breadcrumb\"},\"inLanguage\":\"en-US\",\"potentialAction\":[{\"@type\":\"ReadAction\",\"target\":[\"https:\/\/crmr-spina.fr\/en\/spina-centres\/competence-centres-ccmr\/\"]}]},{\"@type\":\"BreadcrumbList\",\"@id\":\"https:\/\/crmr-spina.fr\/en\/spina-centres\/competence-centres-ccmr\/#breadcrumb\",\"itemListElement\":[{\"@type\":\"ListItem\",\"position\":1,\"name\":\"Accueil\",\"item\":\"https:\/\/crmr-spina.fr\/en\/home\/\"},{\"@type\":\"ListItem\",\"position\":2,\"name\":\"Spin@ centres\",\"item\":\"https:\/\/crmr-spina.fr\/en\/spina-centres\/\"},{\"@type\":\"ListItem\",\"position\":3,\"name\":\"Competence Centres (CCMR)\"}]},{\"@type\":\"WebSite\",\"@id\":\"https:\/\/crmr-spina.fr\/en\/#website\",\"url\":\"https:\/\/crmr-spina.fr\/en\/\",\"name\":\"SPIN@\",\"description\":\"\",\"publisher\":{\"@id\":\"https:\/\/crmr-spina.fr\/en\/#organization\"},\"potentialAction\":[{\"@type\":\"SearchAction\",\"target\":{\"@type\":\"EntryPoint\",\"urlTemplate\":\"https:\/\/crmr-spina.fr\/en\/?s={search_term_string}\"},\"query-input\":{\"@type\":\"PropertyValueSpecification\",\"valueRequired\":true,\"valueName\":\"search_term_string\"}}],\"inLanguage\":\"en-US\"},{\"@type\":\"Organization\",\"@id\":\"https:\/\/crmr-spina.fr\/en\/#organization\",\"name\":\"SPIN@\",\"url\":\"https:\/\/crmr-spina.fr\/en\/\",\"logo\":{\"@type\":\"ImageObject\",\"inLanguage\":\"en-US\",\"@id\":\"https:\/\/crmr-spina.fr\/en\/#\/schema\/logo\/image\/\",\"url\":\"https:\/\/crmr-spina.fr\/wp-content\/uploads\/2024\/01\/logo_Spin@_300.jpg\",\"contentUrl\":\"https:\/\/crmr-spina.fr\/wp-content\/uploads\/2024\/01\/logo_Spin@_300.jpg\",\"width\":300,\"height\":149,\"caption\":\"SPIN@\"},\"image\":{\"@id\":\"https:\/\/crmr-spina.fr\/en\/#\/schema\/logo\/image\/\"}}]}<\/script>\n<!-- \/ Yoast SEO plugin. -->","yoast_head_json":{"title":"Competence Centres (CCMR) - SPIN@","robots":{"index":"index","follow":"follow","max-snippet":"max-snippet:-1","max-image-preview":"max-image-preview:large","max-video-preview":"max-video-preview:-1"},"canonical":"https:\/\/crmr-spina.fr\/en\/spina-centres\/competence-centres-ccmr\/","og_locale":"en_US","og_type":"article","og_title":"Competence Centres (CCMR) - SPIN@","og_description":"The competence centres are the regional referents of the coordinating centre for the diseases covered, creating a national network. They provide care and follow-up for patients, close to their homes, and perform all the missions of the reference centres. Patients are treated in the same way throughout France. In 2023, 10 Spin@ competence centres have [&hellip;]","og_url":"https:\/\/crmr-spina.fr\/en\/spina-centres\/competence-centres-ccmr\/","og_site_name":"SPIN@","article_modified_time":"2024-04-17T16:02:47+00:00","twitter_card":"summary_large_image","twitter_misc":{"Est. reading time":"3 minutes"},"schema":{"@context":"https:\/\/schema.org","@graph":[{"@type":"WebPage","@id":"https:\/\/crmr-spina.fr\/en\/spina-centres\/competence-centres-ccmr\/","url":"https:\/\/crmr-spina.fr\/en\/spina-centres\/competence-centres-ccmr\/","name":"Competence Centres (CCMR) - SPIN@","isPartOf":{"@id":"https:\/\/crmr-spina.fr\/en\/#website"},"datePublished":"2024-01-17T16:32:54+00:00","dateModified":"2024-04-17T16:02:47+00:00","breadcrumb":{"@id":"https:\/\/crmr-spina.fr\/en\/spina-centres\/competence-centres-ccmr\/#breadcrumb"},"inLanguage":"en-US","potentialAction":[{"@type":"ReadAction","target":["https:\/\/crmr-spina.fr\/en\/spina-centres\/competence-centres-ccmr\/"]}]},{"@type":"BreadcrumbList","@id":"https:\/\/crmr-spina.fr\/en\/spina-centres\/competence-centres-ccmr\/#breadcrumb","itemListElement":[{"@type":"ListItem","position":1,"name":"Accueil","item":"https:\/\/crmr-spina.fr\/en\/home\/"},{"@type":"ListItem","position":2,"name":"Spin@ centres","item":"https:\/\/crmr-spina.fr\/en\/spina-centres\/"},{"@type":"ListItem","position":3,"name":"Competence Centres (CCMR)"}]},{"@type":"WebSite","@id":"https:\/\/crmr-spina.fr\/en\/#website","url":"https:\/\/crmr-spina.fr\/en\/","name":"SPIN@","description":"","publisher":{"@id":"https:\/\/crmr-spina.fr\/en\/#organization"},"potentialAction":[{"@type":"SearchAction","target":{"@type":"EntryPoint","urlTemplate":"https:\/\/crmr-spina.fr\/en\/?s={search_term_string}"},"query-input":{"@type":"PropertyValueSpecification","valueRequired":true,"valueName":"search_term_string"}}],"inLanguage":"en-US"},{"@type":"Organization","@id":"https:\/\/crmr-spina.fr\/en\/#organization","name":"SPIN@","url":"https:\/\/crmr-spina.fr\/en\/","logo":{"@type":"ImageObject","inLanguage":"en-US","@id":"https:\/\/crmr-spina.fr\/en\/#\/schema\/logo\/image\/","url":"https:\/\/crmr-spina.fr\/wp-content\/uploads\/2024\/01\/logo_Spin@_300.jpg","contentUrl":"https:\/\/crmr-spina.fr\/wp-content\/uploads\/2024\/01\/logo_Spin@_300.jpg","width":300,"height":149,"caption":"SPIN@"},"image":{"@id":"https:\/\/crmr-spina.fr\/en\/#\/schema\/logo\/image\/"}}]}},"_links":{"self":[{"href":"https:\/\/crmr-spina.fr\/en\/wp-json\/wp\/v2\/pages\/1037","targetHints":{"allow":["GET"]}}],"collection":[{"href":"https:\/\/crmr-spina.fr\/en\/wp-json\/wp\/v2\/pages"}],"about":[{"href":"https:\/\/crmr-spina.fr\/en\/wp-json\/wp\/v2\/types\/page"}],"author":[{"embeddable":true,"href":"https:\/\/crmr-spina.fr\/en\/wp-json\/wp\/v2\/users\/1"}],"replies":[{"embeddable":true,"href":"https:\/\/crmr-spina.fr\/en\/wp-json\/wp\/v2\/comments?post=1037"}],"version-history":[{"count":1,"href":"https:\/\/crmr-spina.fr\/en\/wp-json\/wp\/v2\/pages\/1037\/revisions"}],"predecessor-version":[{"id":1038,"href":"https:\/\/crmr-spina.fr\/en\/wp-json\/wp\/v2\/pages\/1037\/revisions\/1038"}],"up":[{"embeddable":true,"href":"https:\/\/crmr-spina.fr\/en\/wp-json\/wp\/v2\/pages\/1031"}],"wp:attachment":[{"href":"https:\/\/crmr-spina.fr\/en\/wp-json\/wp\/v2\/media?parent=1037"}],"curies":[{"name":"wp","href":"https:\/\/api.w.org\/{rel}","templated":true}]}}