{"id":1035,"date":"2024-01-17T17:32:53","date_gmt":"2024-01-17T16:32:53","guid":{"rendered":"https:\/\/crmr-spina.fr\/spina-centres\/constituent-centres\/"},"modified":"2024-04-17T17:39:46","modified_gmt":"2024-04-17T15:39:46","slug":"constituent-centres","status":"publish","type":"page","link":"https:\/\/crmr-spina.fr\/en\/spina-centres\/constituent-centres\/","title":{"rendered":"Constituent centres"},"content":{"rendered":"\n<p>The constituent centres complement the activities of the coordinating site in terms of expertise, recourse, research and training. The Spin@ CRMR comprises 2 constituent sites located in Rennes and Tours.<\/p>\n\n<h2 class=\"wp-block-heading\">CHU of Rennes \/ Urological Surgery Department<\/h2>\n\n<div class=\"wp-block-media-text is-stacked-on-mobile\" style=\"grid-template-columns:35% auto\"><figure class=\"wp-block-media-text__media\"><img loading=\"lazy\" decoding=\"async\" width=\"500\" height=\"341\" src=\"https:\/\/crmr-spina.fr\/wp-content\/uploads\/2024\/03\/CHU-de-Rennes_facade.jpg\" alt=\"\" class=\"wp-image-682 size-full\" srcset=\"https:\/\/crmr-spina.fr\/wp-content\/uploads\/2024\/03\/CHU-de-Rennes_facade.jpg 500w, https:\/\/crmr-spina.fr\/wp-content\/uploads\/2024\/03\/CHU-de-Rennes_facade-300x205.jpg 300w\" sizes=\"auto, (max-width: 500px) 100vw, 500px\" \/><\/figure><div class=\"wp-block-media-text__content\">\n<p>CHU Rennes Pontchaillou<br\/>2 rue Henri le Guilloux 35000 Rennes<\/p>\n\n\n\n<ul class=\"wp-block-list\">\n<li><strong>Coordinator <\/strong>: Pr Benoit Peyronnet<\/li>\n\n\n\n<li><strong>Medical referent <\/strong>: Dr Emmanuelle Samson<\/li>\n\n\n\n<li><strong>Pathologies <\/strong>: Dysraphism and vertebral malformations<\/li>\n\n\n\n<li><strong>Patient <\/strong>: Child-adult<\/li>\n\n\n\n<li><strong>Telephone <\/strong>: <a href=\"tel:+330299289763\" target=\"_blank\" rel=\"noreferrer noopener\">02 99 28 97 63<\/a><\/li>\n\n\n\n<li><strong>Mail <\/strong>: <a href=\"mailto:reference.spina@chu-rennes.fr\" target=\"_blank\" rel=\"noreferrer noopener\">reference.spina@chu-rennes.fr<\/a><\/li>\n\n\n\n<li><strong>Website<\/strong>:<\/li>\n<\/ul>\n<\/div><\/div>\n\n<h3 class=\"wp-block-heading\">The team<\/h3>\n\n<details class=\"wp-block-details is-layout-flow wp-block-details-is-layout-flow\"><summary>Pr Benoit PEYRONNET<\/summary>\n<div class=\"wp-block-media-text is-stacked-on-mobile is-vertically-aligned-top\" style=\"grid-template-columns:16% auto\"><figure class=\"wp-block-media-text__media\"><img loading=\"lazy\" decoding=\"async\" width=\"368\" height=\"368\" src=\"https:\/\/crmr-spina.fr\/wp-content\/uploads\/2024\/02\/Pr-Benoit-PEYRONNET.jpg\" alt=\"\" class=\"wp-image-626 size-full\" srcset=\"https:\/\/crmr-spina.fr\/wp-content\/uploads\/2024\/02\/Pr-Benoit-PEYRONNET.jpg 368w, https:\/\/crmr-spina.fr\/wp-content\/uploads\/2024\/02\/Pr-Benoit-PEYRONNET-300x300.jpg 300w, https:\/\/crmr-spina.fr\/wp-content\/uploads\/2024\/02\/Pr-Benoit-PEYRONNET-150x150.jpg 150w\" sizes=\"auto, (max-width: 368px) 100vw, 368px\" \/><\/figure><div class=\"wp-block-media-text__content\">\n<p>A urologist specialising in neuro-urology, his activity at the CHU de Rennes focuses on the care of functional urinary pathologies (urinary incontinence, genitourinary prolapse, bladder hyperactivity, lower urinary tract symptoms, bladder pain syndrome), neurological bladders and reconstruction of the urinary tract.<\/p>\n<\/div><\/div>\n<\/details>\n\n<details class=\"wp-block-details is-layout-flow wp-block-details-is-layout-flow\"><summary>Dr Emmanuelle SAMSON<\/summary>\n<div class=\"wp-block-media-text is-stacked-on-mobile is-vertically-aligned-top\" style=\"grid-template-columns:16% auto\"><figure class=\"wp-block-media-text__media\"><img loading=\"lazy\" decoding=\"async\" width=\"190\" height=\"264\" src=\"https:\/\/crmr-spina.fr\/wp-content\/uploads\/2024\/02\/Dr-Emmanuelle-SAMSON.jpg\" alt=\"\" class=\"wp-image-627 size-full\"\/><\/figure><div class=\"wp-block-media-text__content\">\n<p>A physical medicine and rehabilitation doctor at CHRU RENNES specialising in the care of children with dysraphism, functional urinary pathologies in children and vesicosphincter and anorectal disorders linked to neurological pathology.<\/p>\n<\/div><\/div>\n<\/details>\n\n<details class=\"wp-block-details is-layout-flow wp-block-details-is-layout-flow\"><summary>Sandrine DENOUAL and Mathilde GOUESSE<\/summary>\n<div class=\"wp-block-media-text is-stacked-on-mobile is-vertically-aligned-top\" style=\"grid-template-columns:29% auto\"><figure class=\"wp-block-media-text__media\"><img loading=\"lazy\" decoding=\"async\" width=\"249\" height=\"151\" src=\"https:\/\/crmr-spina.fr\/wp-content\/uploads\/2024\/02\/Sandrine-DENOUAL-et-Mathilde-GOUESSE.jpg\" alt=\"\" class=\"wp-image-630 size-full\"\/><\/figure><div class=\"wp-block-media-text__content\">\n<p>Coordination nurses trained in therapeutic patient education. \u25e6 Collection and redirection of requests from all over France and abroad; Reception, organisation and management of care pathways; Liaison between patients, families, teams and external providers; Care education.<\/p>\n<\/div><\/div>\n<\/details>\n\n<details class=\"wp-block-details is-layout-flow wp-block-details-is-layout-flow\"><summary>Medical genetics<\/summary>\n<p>At Rennes University Hospital, the medical genetics team is heavily involved in the management of dysraphism (Pr Sylvie Odent and Ms Linda Akloul, genetic counsellor).<\/p>\n\n\n\n<p>The department has a coordinating reference centre for developmental abnormalities in the west of France, which is also part of the AnDDI-Rares network. We meet families affected by a neural tube defect, both prenatally and postnatally, to clarify genetic counselling, help couples with their pregnancy plans and look for any associated anomalies (syndromic forms).<\/p>\n\n\n\n<p>The genetic counsellor attends the multidisciplinary consultation at the &#8220;vertebral anomalies and spina bifida&#8221; reference centre (SPIN@), where a genetic consultation is systematically offered. The team works closely with the molecular genetics laboratory, in particular Dr Marie Faoucher, who interprets the exomes produced locally and the genomes sequenced on the Seqoia platform. Foetopathological examinations are carried out by Dr Chlo\u00e9 Qu\u00e9lin, a geneticist and foetopathologist. She also carries out the consultation and reports the results with the resulting genetic advice. Research is carried out by the IGDR team led by Val\u00e9rie Dup\u00e9 (Institut de G\u00e9n\u00e9tique et D\u00e9veloppement de Rennes CNRS INSERM UMR 6290, ERL U1305).&#13;\n<a href=\"https:\/\/igdr.univ-rennes.fr\/genetique-des-pathologies-du-developpement-du-neurectoderme\" target=\"_blank\" rel=\"noreferrer noopener\">G\u00c9N\u00c9TIQUE DES PATHOLOGIES DU D\u00c9VELOPPEMENT DU NEURECTODERME<\/a> | Institut de G\u00e9n\u00e9tique &amp; D\u00e9veloppement de Rennes (univ-rennes.fr).<\/p>\n\n\n\n<div class=\"wp-block-columns is-layout-flex wp-container-core-columns-is-layout-28f84493 wp-block-columns-is-layout-flex\">\n<div class=\"wp-block-column is-layout-flow wp-block-column-is-layout-flow\" style=\"flex-basis:20%\"><\/div>\n\n\n\n<div class=\"wp-block-column is-layout-flow wp-block-column-is-layout-flow\">\n<figure class=\"wp-block-gallery has-nested-images columns-default is-cropped wp-block-gallery-4 is-layout-flex wp-block-gallery-is-layout-flex\">\n<figure class=\"wp-block-image size-full is-style-rounded is-style-rounded--1\"><img loading=\"lazy\" decoding=\"async\" width=\"400\" height=\"599\" data-id=\"633\" src=\"https:\/\/crmr-spina.fr\/wp-content\/uploads\/2024\/02\/Pr-Sylvie-ODENT.jpg\" alt=\"\" class=\"wp-image-633\" srcset=\"https:\/\/crmr-spina.fr\/wp-content\/uploads\/2024\/02\/Pr-Sylvie-ODENT.jpg 400w, https:\/\/crmr-spina.fr\/wp-content\/uploads\/2024\/02\/Pr-Sylvie-ODENT-200x300.jpg 200w\" sizes=\"auto, (max-width: 400px) 100vw, 400px\" \/><figcaption class=\"wp-element-caption\">Pr Sylvie ODENT<\/figcaption><\/figure>\n\n\n\n<figure class=\"wp-block-image size-full is-style-rounded is-style-rounded--2\"><img loading=\"lazy\" decoding=\"async\" width=\"133\" height=\"131\" data-id=\"634\" src=\"https:\/\/crmr-spina.fr\/wp-content\/uploads\/2024\/02\/Dr-Marie-FAOUCHER.jpg\" alt=\"\" class=\"wp-image-634\"\/><figcaption class=\"wp-element-caption\">Dr Marie FAOUCHER<\/figcaption><\/figure>\n\n\n\n<figure class=\"wp-block-image size-full is-style-rounded is-style-rounded--3\"><img loading=\"lazy\" decoding=\"async\" width=\"400\" height=\"483\" data-id=\"635\" src=\"https:\/\/crmr-spina.fr\/wp-content\/uploads\/2024\/02\/Dr-Linda-AKLOUL.jpg\" alt=\"\" class=\"wp-image-635\" srcset=\"https:\/\/crmr-spina.fr\/wp-content\/uploads\/2024\/02\/Dr-Linda-AKLOUL.jpg 400w, https:\/\/crmr-spina.fr\/wp-content\/uploads\/2024\/02\/Dr-Linda-AKLOUL-248x300.jpg 248w\" sizes=\"auto, (max-width: 400px) 100vw, 400px\" \/><figcaption class=\"wp-element-caption\">Dr Linda AKLOUL<\/figcaption><\/figure>\n<\/figure>\n<\/div>\n\n\n\n<div class=\"wp-block-column is-layout-flow wp-block-column-is-layout-flow\" style=\"flex-basis:20%\"><\/div>\n<\/div>\n<\/details>\n\n<h3 class=\"wp-block-heading\">Pathologies covered by the Rennes site<\/h3>\n\n<ul class=\"wp-block-list\">\n<li><strong>Dysraphisms<\/strong>: Spina bifida, Myelocystocele, Caudal Regression Syndrome, Primary Attached Cord Syndrome<\/li>\n\n\n\n<li><strong>Vertebral malformations<\/strong>: scoliosis, hemivertebra, vertebral bar, spinal anomalies associated with rare developmental anomalies<\/li>\n<\/ul>\n\n<p>For more information: <mark class=\"has-inline-color has-accent-color\" style=\"background-color: rgba(0, 0, 0, 0);\">site internet<\/mark><\/p>\n\n<h2 class=\"wp-block-heading\" style=\"margin-top:var(--wp--preset--spacing--40)\">CHRU of TOURS \/ Paediatric Orthopaedic Surgery Department<\/h2>\n\n<div class=\"wp-block-media-text is-stacked-on-mobile\" style=\"grid-template-columns:35% auto\"><figure class=\"wp-block-media-text__media\"><img loading=\"lazy\" decoding=\"async\" width=\"750\" height=\"430\" src=\"https:\/\/crmr-spina.fr\/wp-content\/uploads\/2024\/02\/CHRU-de-Tours.jpg\" alt=\"\" class=\"wp-image-640 size-full\" srcset=\"https:\/\/crmr-spina.fr\/wp-content\/uploads\/2024\/02\/CHRU-de-Tours.jpg 750w, https:\/\/crmr-spina.fr\/wp-content\/uploads\/2024\/02\/CHRU-de-Tours-300x172.jpg 300w\" sizes=\"auto, (max-width: 750px) 100vw, 750px\" \/><\/figure><div class=\"wp-block-media-text__content\">\n<p>H\u00f4pital p\u00e9diatrique Gatien de Clocheville<br\/>49 Bld B\u00e9ranger TOURS<\/p>\n\n\n\n<ul class=\"wp-block-list\">\n<li><strong>Coordinator <\/strong>: \u00a0Pr Thierry Odent<\/li>\n\n\n\n<li><strong>Medical referent <\/strong>: Dr Lardy Hubert<\/li>\n\n\n\n<li><strong>Pathologies<\/strong>: Dysraphism &#8211; Spina Bifida &#8211; Congenital malformations of the spine and cord &#8211; Early-onset scoliosis.<\/li>\n\n\n\n<li><strong>Patient <\/strong>: Child<\/li>\n\n\n\n<li><strong>Telephone <\/strong>: <a href=\"tel:+330247473822\" target=\"_blank\" rel=\"noreferrer noopener\">\u00a002 47 47 38 22<\/a><\/li>\n\n\n\n<li><strong>Mail <\/strong>: <a href=\"mailto:C.FREMONT@chu-tours.fr\" target=\"_blank\" rel=\"noreferrer noopener\">C.FREMONT@chu-tours.fr<\/a><\/li>\n\n\n\n<li><strong>Website<\/strong>: <a href=\"https:\/\/www.chu-tours.fr\/pemr-cvl\/\" target=\"_blank\" rel=\"noreferrer noopener\">https:\/\/www.chu-tours.fr\/pemr-cvl\/<\/a><\/li>\n<\/ul>\n<\/div><\/div>\n\n<h3 class=\"wp-block-heading\">The team<\/h3>\n\n<details class=\"wp-block-details is-layout-flow wp-block-details-is-layout-flow\"><summary>Pr Thierry ODENT<\/summary>\n<div class=\"wp-block-media-text is-stacked-on-mobile is-vertically-aligned-top\" style=\"grid-template-columns:15% auto\"><figure class=\"wp-block-media-text__media\"><img loading=\"lazy\" decoding=\"async\" width=\"168\" height=\"140\" src=\"https:\/\/crmr-spina.fr\/wp-content\/uploads\/2024\/02\/Pr-Thierry-ODENT.jpg\" alt=\"\" class=\"wp-image-643 size-full\"\/><\/figure><div class=\"wp-block-media-text__content\">\n<p>A paediatric orthopaedic surgeon based in Tours, he is head of the paediatric orthopaedic surgery department at the Clocheville hospital and heads the SPIN@ constituent centre. He leads the management of these pathologies in western France (clinical research, collegial patient review, etc.).<\/p>\n<\/div><\/div>\n<\/details>\n\n<details class=\"wp-block-details is-layout-flow wp-block-details-is-layout-flow\"><summary>Pr Hubert LARDY<\/summary>\n<div class=\"wp-block-media-text is-stacked-on-mobile is-vertically-aligned-top\" style=\"grid-template-columns:15% auto\"><figure class=\"wp-block-media-text__media\"><img loading=\"lazy\" decoding=\"async\" width=\"133\" height=\"165\" src=\"https:\/\/crmr-spina.fr\/wp-content\/uploads\/2024\/02\/Pr-Hubert-LARDY.jpg\" alt=\"\" class=\"wp-image-644 size-full\"\/><\/figure><div class=\"wp-block-media-text__content\">\n<p>A paediatric visceral surgeon in Tours, he is head of the paediatric visceral surgery department at the Clocheville Hospital. He is also head of the paediatrics unit at Tours University Hospital.<\/p>\n<\/div><\/div>\n<\/details>\n\n<details class=\"wp-block-details is-layout-flow wp-block-details-is-layout-flow\"><summary>Ms Catherine FREMONT<\/summary>\n<div class=\"wp-block-media-text is-stacked-on-mobile is-vertically-aligned-top\" style=\"grid-template-columns:15% auto\"><figure class=\"wp-block-media-text__media\"><img loading=\"lazy\" decoding=\"async\" width=\"120\" height=\"148\" src=\"https:\/\/crmr-spina.fr\/wp-content\/uploads\/2024\/02\/Mme-Catherine-FREMONT.jpg\" alt=\"\" class=\"wp-image-642 size-full\"\/><\/figure><div class=\"wp-block-media-text__content\">\n<p>A nurse by qualification and a clinical research associate, she is responsible for coordinating the Grand Ouest network of rare complex vertebral pathologies in paediatrics, the active file at the Tours centre and helps research in this field and the care pathway for patients.<\/p>\n<\/div><\/div>\n<\/details>\n\n<h3 class=\"wp-block-heading\">Diseases covered<\/h3>\n\n<ul class=\"wp-block-list\">\n<li>Complex deformities of the spine and spinal cord<\/li>\n\n\n\n<li>Associated bladder-sphincter disorders<\/li>\n<\/ul>\n\n<p>For more information: <a href=\"https:\/\/www.chu-tours.fr\/pemr-cvl\/centre-de-reference-des-maladies-rares-malformations-vertebrales-et-medullaires\/\" target=\"_blank\" rel=\"noreferrer noopener\">https:\/\/www.chu-tours.fr\/pemr-cvl\/centre-de-reference-des-maladies-rares-malformations-vertebrales-et-medullaires\/<\/a><\/p>\n","protected":false},"excerpt":{"rendered":"<p>The constituent centres complement the activities of the coordinating site in terms of expertise, recourse, research and training. The Spin@ CRMR comprises 2 constituent sites located in Rennes and Tours. CHU of Rennes \/ Urological Surgery Department The team Pathologies covered by the Rennes site For more information: site internet CHRU of TOURS \/ Paediatric [&hellip;]<\/p>\n","protected":false},"author":1,"featured_media":0,"parent":1031,"menu_order":20,"comment_status":"closed","ping_status":"closed","template":"","meta":{"footnotes":""},"class_list":["post-1035","page","type-page","status-publish","hentry"],"yoast_head":"<!-- This site is optimized with the Yoast SEO plugin v27.2 - https:\/\/yoast.com\/product\/yoast-seo-wordpress\/ -->\n<title>Constituent centres - SPIN@<\/title>\n<meta name=\"robots\" content=\"index, follow, max-snippet:-1, max-image-preview:large, max-video-preview:-1\" \/>\n<link rel=\"canonical\" href=\"https:\/\/crmr-spina.fr\/en\/spina-centres\/constituent-centres\/\" \/>\n<meta property=\"og:locale\" content=\"en_US\" \/>\n<meta property=\"og:type\" content=\"article\" \/>\n<meta property=\"og:title\" content=\"Constituent centres - SPIN@\" \/>\n<meta property=\"og:description\" content=\"The constituent centres complement the activities of the coordinating site in terms of expertise, recourse, research and training. The Spin@ CRMR comprises 2 constituent sites located in Rennes and Tours. CHU of Rennes \/ Urological Surgery Department The team Pathologies covered by the Rennes site For more information: site internet CHRU of TOURS \/ Paediatric [&hellip;]\" \/>\n<meta property=\"og:url\" content=\"https:\/\/crmr-spina.fr\/en\/spina-centres\/constituent-centres\/\" \/>\n<meta property=\"og:site_name\" content=\"SPIN@\" \/>\n<meta property=\"article:modified_time\" content=\"2024-04-17T15:39:46+00:00\" \/>\n<meta property=\"og:image\" content=\"https:\/\/crmr-spina.fr\/wp-content\/uploads\/2024\/03\/CHU-de-Rennes_facade.jpg\" \/>\n<meta name=\"twitter:card\" content=\"summary_large_image\" \/>\n<meta name=\"twitter:label1\" content=\"Est. reading time\" \/>\n\t<meta name=\"twitter:data1\" content=\"3 minutes\" \/>\n<script type=\"application\/ld+json\" class=\"yoast-schema-graph\">{\"@context\":\"https:\/\/schema.org\",\"@graph\":[{\"@type\":\"WebPage\",\"@id\":\"https:\/\/crmr-spina.fr\/en\/spina-centres\/constituent-centres\/\",\"url\":\"https:\/\/crmr-spina.fr\/en\/spina-centres\/constituent-centres\/\",\"name\":\"Constituent centres - SPIN@\",\"isPartOf\":{\"@id\":\"https:\/\/crmr-spina.fr\/en\/#website\"},\"primaryImageOfPage\":{\"@id\":\"https:\/\/crmr-spina.fr\/en\/spina-centres\/constituent-centres\/#primaryimage\"},\"image\":{\"@id\":\"https:\/\/crmr-spina.fr\/en\/spina-centres\/constituent-centres\/#primaryimage\"},\"thumbnailUrl\":\"https:\/\/crmr-spina.fr\/wp-content\/uploads\/2024\/03\/CHU-de-Rennes_facade.jpg\",\"datePublished\":\"2024-01-17T16:32:53+00:00\",\"dateModified\":\"2024-04-17T15:39:46+00:00\",\"breadcrumb\":{\"@id\":\"https:\/\/crmr-spina.fr\/en\/spina-centres\/constituent-centres\/#breadcrumb\"},\"inLanguage\":\"en-US\",\"potentialAction\":[{\"@type\":\"ReadAction\",\"target\":[\"https:\/\/crmr-spina.fr\/en\/spina-centres\/constituent-centres\/\"]}]},{\"@type\":\"ImageObject\",\"inLanguage\":\"en-US\",\"@id\":\"https:\/\/crmr-spina.fr\/en\/spina-centres\/constituent-centres\/#primaryimage\",\"url\":\"https:\/\/crmr-spina.fr\/wp-content\/uploads\/2024\/03\/CHU-de-Rennes_facade.jpg\",\"contentUrl\":\"https:\/\/crmr-spina.fr\/wp-content\/uploads\/2024\/03\/CHU-de-Rennes_facade.jpg\"},{\"@type\":\"BreadcrumbList\",\"@id\":\"https:\/\/crmr-spina.fr\/en\/spina-centres\/constituent-centres\/#breadcrumb\",\"itemListElement\":[{\"@type\":\"ListItem\",\"position\":1,\"name\":\"Accueil\",\"item\":\"https:\/\/crmr-spina.fr\/en\/home\/\"},{\"@type\":\"ListItem\",\"position\":2,\"name\":\"Spin@ centres\",\"item\":\"https:\/\/crmr-spina.fr\/en\/spina-centres\/\"},{\"@type\":\"ListItem\",\"position\":3,\"name\":\"Constituent centres\"}]},{\"@type\":\"WebSite\",\"@id\":\"https:\/\/crmr-spina.fr\/en\/#website\",\"url\":\"https:\/\/crmr-spina.fr\/en\/\",\"name\":\"SPIN@\",\"description\":\"\",\"publisher\":{\"@id\":\"https:\/\/crmr-spina.fr\/en\/#organization\"},\"potentialAction\":[{\"@type\":\"SearchAction\",\"target\":{\"@type\":\"EntryPoint\",\"urlTemplate\":\"https:\/\/crmr-spina.fr\/en\/?s={search_term_string}\"},\"query-input\":{\"@type\":\"PropertyValueSpecification\",\"valueRequired\":true,\"valueName\":\"search_term_string\"}}],\"inLanguage\":\"en-US\"},{\"@type\":\"Organization\",\"@id\":\"https:\/\/crmr-spina.fr\/en\/#organization\",\"name\":\"SPIN@\",\"url\":\"https:\/\/crmr-spina.fr\/en\/\",\"logo\":{\"@type\":\"ImageObject\",\"inLanguage\":\"en-US\",\"@id\":\"https:\/\/crmr-spina.fr\/en\/#\/schema\/logo\/image\/\",\"url\":\"https:\/\/crmr-spina.fr\/wp-content\/uploads\/2024\/01\/logo_Spin@_300.jpg\",\"contentUrl\":\"https:\/\/crmr-spina.fr\/wp-content\/uploads\/2024\/01\/logo_Spin@_300.jpg\",\"width\":300,\"height\":149,\"caption\":\"SPIN@\"},\"image\":{\"@id\":\"https:\/\/crmr-spina.fr\/en\/#\/schema\/logo\/image\/\"}}]}<\/script>\n<!-- \/ Yoast SEO plugin. -->","yoast_head_json":{"title":"Constituent centres - SPIN@","robots":{"index":"index","follow":"follow","max-snippet":"max-snippet:-1","max-image-preview":"max-image-preview:large","max-video-preview":"max-video-preview:-1"},"canonical":"https:\/\/crmr-spina.fr\/en\/spina-centres\/constituent-centres\/","og_locale":"en_US","og_type":"article","og_title":"Constituent centres - SPIN@","og_description":"The constituent centres complement the activities of the coordinating site in terms of expertise, recourse, research and training. The Spin@ CRMR comprises 2 constituent sites located in Rennes and Tours. CHU of Rennes \/ Urological Surgery Department The team Pathologies covered by the Rennes site For more information: site internet CHRU of TOURS \/ Paediatric [&hellip;]","og_url":"https:\/\/crmr-spina.fr\/en\/spina-centres\/constituent-centres\/","og_site_name":"SPIN@","article_modified_time":"2024-04-17T15:39:46+00:00","og_image":[{"url":"https:\/\/crmr-spina.fr\/wp-content\/uploads\/2024\/03\/CHU-de-Rennes_facade.jpg","type":"","width":"","height":""}],"twitter_card":"summary_large_image","twitter_misc":{"Est. reading time":"3 minutes"},"schema":{"@context":"https:\/\/schema.org","@graph":[{"@type":"WebPage","@id":"https:\/\/crmr-spina.fr\/en\/spina-centres\/constituent-centres\/","url":"https:\/\/crmr-spina.fr\/en\/spina-centres\/constituent-centres\/","name":"Constituent centres - SPIN@","isPartOf":{"@id":"https:\/\/crmr-spina.fr\/en\/#website"},"primaryImageOfPage":{"@id":"https:\/\/crmr-spina.fr\/en\/spina-centres\/constituent-centres\/#primaryimage"},"image":{"@id":"https:\/\/crmr-spina.fr\/en\/spina-centres\/constituent-centres\/#primaryimage"},"thumbnailUrl":"https:\/\/crmr-spina.fr\/wp-content\/uploads\/2024\/03\/CHU-de-Rennes_facade.jpg","datePublished":"2024-01-17T16:32:53+00:00","dateModified":"2024-04-17T15:39:46+00:00","breadcrumb":{"@id":"https:\/\/crmr-spina.fr\/en\/spina-centres\/constituent-centres\/#breadcrumb"},"inLanguage":"en-US","potentialAction":[{"@type":"ReadAction","target":["https:\/\/crmr-spina.fr\/en\/spina-centres\/constituent-centres\/"]}]},{"@type":"ImageObject","inLanguage":"en-US","@id":"https:\/\/crmr-spina.fr\/en\/spina-centres\/constituent-centres\/#primaryimage","url":"https:\/\/crmr-spina.fr\/wp-content\/uploads\/2024\/03\/CHU-de-Rennes_facade.jpg","contentUrl":"https:\/\/crmr-spina.fr\/wp-content\/uploads\/2024\/03\/CHU-de-Rennes_facade.jpg"},{"@type":"BreadcrumbList","@id":"https:\/\/crmr-spina.fr\/en\/spina-centres\/constituent-centres\/#breadcrumb","itemListElement":[{"@type":"ListItem","position":1,"name":"Accueil","item":"https:\/\/crmr-spina.fr\/en\/home\/"},{"@type":"ListItem","position":2,"name":"Spin@ centres","item":"https:\/\/crmr-spina.fr\/en\/spina-centres\/"},{"@type":"ListItem","position":3,"name":"Constituent centres"}]},{"@type":"WebSite","@id":"https:\/\/crmr-spina.fr\/en\/#website","url":"https:\/\/crmr-spina.fr\/en\/","name":"SPIN@","description":"","publisher":{"@id":"https:\/\/crmr-spina.fr\/en\/#organization"},"potentialAction":[{"@type":"SearchAction","target":{"@type":"EntryPoint","urlTemplate":"https:\/\/crmr-spina.fr\/en\/?s={search_term_string}"},"query-input":{"@type":"PropertyValueSpecification","valueRequired":true,"valueName":"search_term_string"}}],"inLanguage":"en-US"},{"@type":"Organization","@id":"https:\/\/crmr-spina.fr\/en\/#organization","name":"SPIN@","url":"https:\/\/crmr-spina.fr\/en\/","logo":{"@type":"ImageObject","inLanguage":"en-US","@id":"https:\/\/crmr-spina.fr\/en\/#\/schema\/logo\/image\/","url":"https:\/\/crmr-spina.fr\/wp-content\/uploads\/2024\/01\/logo_Spin@_300.jpg","contentUrl":"https:\/\/crmr-spina.fr\/wp-content\/uploads\/2024\/01\/logo_Spin@_300.jpg","width":300,"height":149,"caption":"SPIN@"},"image":{"@id":"https:\/\/crmr-spina.fr\/en\/#\/schema\/logo\/image\/"}}]}},"_links":{"self":[{"href":"https:\/\/crmr-spina.fr\/en\/wp-json\/wp\/v2\/pages\/1035","targetHints":{"allow":["GET"]}}],"collection":[{"href":"https:\/\/crmr-spina.fr\/en\/wp-json\/wp\/v2\/pages"}],"about":[{"href":"https:\/\/crmr-spina.fr\/en\/wp-json\/wp\/v2\/types\/page"}],"author":[{"embeddable":true,"href":"https:\/\/crmr-spina.fr\/en\/wp-json\/wp\/v2\/users\/1"}],"replies":[{"embeddable":true,"href":"https:\/\/crmr-spina.fr\/en\/wp-json\/wp\/v2\/comments?post=1035"}],"version-history":[{"count":1,"href":"https:\/\/crmr-spina.fr\/en\/wp-json\/wp\/v2\/pages\/1035\/revisions"}],"predecessor-version":[{"id":1036,"href":"https:\/\/crmr-spina.fr\/en\/wp-json\/wp\/v2\/pages\/1035\/revisions\/1036"}],"up":[{"embeddable":true,"href":"https:\/\/crmr-spina.fr\/en\/wp-json\/wp\/v2\/pages\/1031"}],"wp:attachment":[{"href":"https:\/\/crmr-spina.fr\/en\/wp-json\/wp\/v2\/media?parent=1035"}],"curies":[{"name":"wp","href":"https:\/\/api.w.org\/{rel}","templated":true}]}}